{"id":67,"date":"2024-01-09T17:23:01","date_gmt":"2024-01-09T16:23:01","guid":{"rendered":"http:\/\/localhost\/doyennes\/?page_id=67"},"modified":"2024-02-03T12:30:31","modified_gmt":"2024-02-03T11:30:31","slug":"accueil","status":"publish","type":"page","link":"https:\/\/www.retrotechnic.com\/doyennes\/","title":{"rendered":"Accueil"},"content":{"rendered":"\n<BR\/><BR\/>\n\n\n\n<p>Bienvenue sur le site des <strong>Doyennes de Panhard &amp; Levassor<\/strong>, pionni\u00e8re de l\u2019histoire Automobile! Nous vous proposons de commencer par d\u00e9couvrir les mod\u00e8les <a href=\"https:\/\/www.retrotechnic.com\/doyennes\/de-1891-a-1920\/\">de 1891 aux ann\u00e9es 20<\/a> puis ceux des <a href=\"https:\/\/www.retrotechnic.com\/doyennes\/des-annees-20-a-40\/\">ann\u00e9es 1920 \u00e0 1940<\/a>.<\/p>\n\n\n\n<BR\/>\n\n\n\n<h4 class=\"wp-block-heading\">Ev\u00e9nements \u00e0 venir&#8230;<\/h4>\n\n\n<style id=\"sp_pcp_dynamic_style591\">#pcp_wrapper-591 .sp-pcp-row{ margin-right: -10px;margin-left: -10px;}#pcp_wrapper-591 .sp-pcp-row [class*='sp-pcp-col-']{padding-right: 10px;padding-left: 10px;padding-bottom: 20px;}.pcp-wrapper-591 .sp-pcp-title a {color: #111;display: inherit;} .pcp-wrapper-591 .sp-pcp-title a:hover {color: #e1624b;}.pcp-wrapper-591 .sp-pcp-post-content{color: #444; }#pcp_wrapper-591 .dots .swiper-pagination-bullet{ background: #cccccc; } #pcp_wrapper-591 .dots .swiper-pagination-bullet-active { background: #D64224; }#pcp_wrapper-591 .pcp-button-prev,#pcp_wrapper-591 .pcp-button-next{ background-image: none; background-size: auto; background-color: #fff; height: 33px; width: 33px; margin-top: 8px; border: 1px solid #aaa; text-align: center; line-height: 30px; -webkit-transition: 0.3s; }#pcp_wrapper-591 .pcp-button-prev:hover, #pcp_wrapper-591 .pcp-button-next:hover{ background-color: #D64224; border-color: #D64224; } #pcp_wrapper-591 .pcp-button-prev .fa, #pcp_wrapper-591 .pcp-button-next .fa { color: #aaa; } #pcp_wrapper-591 .pcp-button-prev:hover .fa, #pcp_wrapper-591 .pcp-button-next:hover .fa { color: #fff; } #pcp_wrapper-591.pcp-carousel-wrapper .sp-pcp-post{ margin-top: 0; }#pcp_wrapper-591 .sp-pcp-post {padding: 0 0 0 0;}#pcp_wrapper-591 .sp-pcp-post {border: 0px solid #e2e2e2;}#pcp_wrapper-591 .sp-pcp-post {border-radius: 0px;}#pcp_wrapper-591 .sp-pcp-post{background-color: transparent;}.pcp-wrapper-591 .sp-pcp-post-meta li,.pcp-wrapper-591 .sp-pcp-post-meta ul,.pcp-wrapper-591 .sp-pcp-post-meta li a{color: #888;}.pcp-wrapper-591 .sp-pcp-post-meta li a:hover{color: #e1624b;}#pcp_wrapper-591 .pcp-readmore-link{ background: transparent; color: #111; border-color: #888; } #pcp_wrapper-591 .pcp-readmore-link:hover { background: #e1624b; color: #fff; border-color: #e1624b; }#pcp_wrapper-591 .pcp-post-pagination .page-numbers.current, #pcp_wrapper-591 .pcp-post-pagination a.active , #pcp_wrapper-591 .pcp-post-pagination a:hover{ color: #ffffff; background: #e1624b; border-color: #e1624b; }#pcp_wrapper-591 .pcp-post-pagination .page-numbers, .pcp-post-pagination a{ background: #ffffff; color:#5e5e5e; border-color: #bbbbbb; }<\/style><!-- Markup Starts -->\n<div id=\"pcp_wrapper-591\" class=\"sp-pcp-section sp-pcp-container pcp-wrapper-591 pcp-carousel-wrapper standard\" data-sid=\"591\">\n\t<div id=\"sp-pcp-id-591\" class=\"swiper-container sp-pcp-carousel top_right\" dir=\"ltr\" data-carousel='{ \"speed\":600, \"items\":4, \"spaceBetween\":20, \"navigation\":true, \"pagination\": true, \"autoplay\": true, \"autoplay_speed\": 2000, \"loop\": true, \"autoHeight\": false, \"lazy\":  true, \"simulateTouch\": true, \"freeMode\": false, \"slider_mouse_wheel\": false,\"allowTouchMove\": true, \"slidesPerView\": {\"lg_desktop\": 4, \"desktop\": 4, \"tablet\": 3, \"mobile_landscape\": 2, \"mobile\": 1}, \"navigation_mobile\": true, \"pagination_mobile\": true, \"stop_onHover\": true, \"enabled\": true, \"prevSlideMessage\": \"Previous slide\", \"nextSlideMessage\": \"Next slide\", \"firstSlideMessage\": \"This is the first slide\", \"lastSlideMessage\": \"This is the last slide\", \"keyboard\": \"true\", \"paginationBulletMessage\": \"Go to slide {{index}}\" }'>\n\t\t\t<div class=\"swiper-wrapper\">\n\t\t\t\t\t\t<div class=\" swiper-slide swiper-lazy\">\n\t\t\t<div class=\"sp-pcp-post pcp-item-593\" data-id=\"593\">\n\t\t\t\t\t\t\t\t<div class=\"pcp-post-thumb-wrapper\">\n\t\t\t\t\t<div class=\"sp-pcp-post-thumb-area\">\n\t\t\t\t\t\t\t\t\t\t\t\t<a class=\"sp-pcp-thumb\" href=\"https:\/\/www.retrotechnic.com\/doyennes\/2024\/02\/03\/salon-champenois-des-vehicules-anciens\/\" target=\"_self\" >\n\t\t\t\t\t\t\t\t\t\t\t\t\t<img loading=\"lazy\" decoding=\"async\" src=\"https:\/\/www.retrotechnic.com\/doyennes\/wp-content\/uploads\/2024\/02\/image.png\" width=\"529\" height=\"800\" alt=\"\">\n\t\t\t\t\t\t<\/a>\n\t\t\t\t\t<\/div>\n\t\t\t\t<\/div>\n\t\t\t\t\t\t\t<h3 class=\"sp-pcp-title\">\n\t\t\t\t\t\t\t\t\t<a href=\"https:\/\/www.retrotechnic.com\/doyennes\/2024\/02\/03\/salon-champenois-des-vehicules-anciens\/\"  target=\"_self\">Salon Champenois des v\u00e9hicules anciens<\/a>\t\t\t\t\t\t\t<\/h3>\n\t\t\t\t\t\t<div class=\"sp-pcp-post-content\">\n\t\t\t\t\t<div class=\"sp-pcp-readmore\">\n\t\t\t\t\t\t\t<a class=\"pcp-readmore-link\" target=\"_self\" href=\"https:\/\/www.retrotechnic.com\/doyennes\/2024\/02\/03\/salon-champenois-des-vehicules-anciens\/\" >\n\t\t\t\t\t\tLire plus... <\/a>\n\t\t<\/div>\n\t\t\t\t\t<\/div>\n\t\t\t\t\t\t<\/div>\n\t\t<\/div>\n\t\t\t\t\t<\/div>\n\t\t\t\t\t\t<div class=\"pcp-pagination swiper-pagination dots\"><\/div>\n\t\t\t\t\t\t\t\t\t\t<div class=\"pcp-button-next swiper-button-next top_right\"><i class=\"fa fa-angle-right\"><\/i><\/div>\n\t\t\t\t<div class=\"pcp-button-prev swiper-button-prev top_right\"><i class=\"fa fa-angle-left\"><\/i><\/div>\t<\/div>\n<\/div>\n\n\n\n\n<h4 class=\"wp-block-heading\">Les derni\u00e8res nouvelles&#8230;<\/h4>\n\n\n<style id=\"sp_pcp_dynamic_style428\">#pcp_wrapper-428 .sp-pcp-row{ margin-right: -10px;margin-left: -10px;}#pcp_wrapper-428 .sp-pcp-row [class*='sp-pcp-col-']{padding-right: 10px;padding-left: 10px;padding-bottom: 20px;}.pcp-wrapper-428 .sp-pcp-title a {color: #111;display: inherit;} .pcp-wrapper-428 .sp-pcp-title a:hover {color: #e1624b;}.pcp-wrapper-428 .sp-pcp-post-content{color: #444; }#pcp_wrapper-428 .dots .swiper-pagination-bullet{ background: #cccccc; } #pcp_wrapper-428 .dots .swiper-pagination-bullet-active { background: #D64224; }#pcp_wrapper-428 .pcp-button-prev,#pcp_wrapper-428 .pcp-button-next{ background-image: none; background-size: auto; background-color: #fff; height: 33px; width: 33px; margin-top: 8px; border: 1px solid #aaa; text-align: center; line-height: 30px; -webkit-transition: 0.3s; }#pcp_wrapper-428 .pcp-button-prev:hover, #pcp_wrapper-428 .pcp-button-next:hover{ background-color: #D64224; border-color: #D64224; } #pcp_wrapper-428 .pcp-button-prev .fa, #pcp_wrapper-428 .pcp-button-next .fa { color: #aaa; } #pcp_wrapper-428 .pcp-button-prev:hover .fa, #pcp_wrapper-428 .pcp-button-next:hover .fa { color: #fff; } #pcp_wrapper-428.pcp-carousel-wrapper .sp-pcp-post{ margin-top: 0; }#pcp_wrapper-428 .sp-pcp-post {padding: 0 0 0 0;}#pcp_wrapper-428 .sp-pcp-post {border: 0px solid #e2e2e2;}#pcp_wrapper-428 .sp-pcp-post {border-radius: 0px;}#pcp_wrapper-428 .sp-pcp-post{background-color: transparent;}.pcp-wrapper-428 .sp-pcp-post-meta li,.pcp-wrapper-428 .sp-pcp-post-meta ul,.pcp-wrapper-428 .sp-pcp-post-meta li a{color: #888;}.pcp-wrapper-428 .sp-pcp-post-meta li a:hover{color: #e1624b;}#pcp_wrapper-428 .pcp-readmore-link{ background: transparent; color: #111; border-color: #888; } #pcp_wrapper-428 .pcp-readmore-link:hover { background: #e1624b; color: #fff; border-color: #e1624b; }#pcp_wrapper-428 .pcp-post-pagination .page-numbers.current, #pcp_wrapper-428 .pcp-post-pagination a.active , #pcp_wrapper-428 .pcp-post-pagination a:hover{ color: #ffffff; background: #e1624b; border-color: #e1624b; }#pcp_wrapper-428 .pcp-post-pagination .page-numbers, .pcp-post-pagination a{ background: #ffffff; color:#5e5e5e; border-color: #bbbbbb; }<\/style><!-- Markup Starts -->\n<div id=\"pcp_wrapper-428\" class=\"sp-pcp-section sp-pcp-container pcp-wrapper-428 pcp-carousel-wrapper standard\" data-sid=\"428\">\n\t<div id=\"sp-pcp-id-428\" class=\"swiper-container sp-pcp-carousel top_right\" dir=\"ltr\" data-carousel='{ \"speed\":600, \"items\":4, \"spaceBetween\":20, \"navigation\":true, \"pagination\": true, \"autoplay\": true, \"autoplay_speed\": 2000, \"loop\": true, \"autoHeight\": false, \"lazy\":  true, \"simulateTouch\": true, \"freeMode\": false, \"slider_mouse_wheel\": false,\"allowTouchMove\": true, \"slidesPerView\": {\"lg_desktop\": 4, \"desktop\": 4, \"tablet\": 3, \"mobile_landscape\": 2, \"mobile\": 1}, \"navigation_mobile\": true, \"pagination_mobile\": true, \"stop_onHover\": true, \"enabled\": true, \"prevSlideMessage\": \"Previous slide\", \"nextSlideMessage\": \"Next slide\", \"firstSlideMessage\": \"This is the first slide\", \"lastSlideMessage\": \"This is the last slide\", \"keyboard\": \"true\", \"paginationBulletMessage\": \"Go to slide {{index}}\" }'>\n\t\t\t<div class=\"swiper-wrapper\">\n\t\t\t\t\t\t<div class=\" swiper-slide swiper-lazy\">\n\t\t\t<div class=\"sp-pcp-post pcp-item-583\" data-id=\"583\">\n\t\t\t\t\t\t\t\t<div class=\"pcp-post-thumb-wrapper\">\n\t\t\t\t\t<div class=\"sp-pcp-post-thumb-area\">\n\t\t\t\t\t\t\t\t\t\t\t\t<a class=\"sp-pcp-thumb\" href=\"https:\/\/www.retrotechnic.com\/doyennes\/2024\/02\/03\/583\/\" target=\"_self\" >\n\t\t\t\t\t\t\t\t\t\t\t\t\t<img loading=\"lazy\" decoding=\"async\" src=\"https:\/\/www.retrotechnic.com\/doyennes\/wp-content\/uploads\/2024\/02\/laffiche-officielle-de-ledition-2023-150x150.webp\" width=\"150\" height=\"150\" alt=\"\">\n\t\t\t\t\t\t<\/a>\n\t\t\t\t\t<\/div>\n\t\t\t\t<\/div>\n\t\t\t\t\t\t\t<h3 class=\"sp-pcp-title\">\n\t\t\t\t\t\t\t\t\t<a href=\"https:\/\/www.retrotechnic.com\/doyennes\/2024\/02\/03\/583\/\"  target=\"_self\">Epoqu&rsquo;Auto 2023<\/a>\t\t\t\t\t\t\t<\/h3>\n\t\t\t\t\t\t<div class=\"sp-pcp-post-content\">\n\t\t\t<p>Du 10 au 12 novembre s\u2019est tenu le 44 i\u00e8me salon de Lyon. Cette ann\u00e9e cette manifestation a connu un record d\u2019affluence, 95 000 visiteurs soit 10 000 de plusqu\u2019en<\/p>\n\t\t<div class=\"sp-pcp-readmore\">\n\t\t\t\t\t\t\t<a class=\"pcp-readmore-link\" target=\"_self\" href=\"https:\/\/www.retrotechnic.com\/doyennes\/2024\/02\/03\/583\/\" >\n\t\t\t\t\t\tLire plus.. <\/a>\n\t\t<\/div>\n\t\t\t\t\t<\/div>\n\t\t\t\t\t\t<\/div>\n\t\t<\/div>\n\t\t\t\t\t<\/div>\n\t\t\t\t\t\t<div class=\"pcp-pagination swiper-pagination dots\"><\/div>\n\t\t\t\t\t\t\t\t\t\t<div class=\"pcp-button-next swiper-button-next top_right\"><i class=\"fa fa-angle-right\"><\/i><\/div>\n\t\t\t\t<div class=\"pcp-button-prev swiper-button-prev top_right\"><i class=\"fa fa-angle-left\"><\/i><\/div>\t<\/div>\n<\/div>\n\n","protected":false},"excerpt":{"rendered":"<p>Bienvenue sur le site des Doyennes de Panhard &amp; Levassor, pionni\u00e8re de l\u2019histoire Automobile! Nous vous proposons de commencer par d\u00e9couvrir les mod\u00e8les de 1891 aux ann\u00e9es 20 puis ceux<\/p>\n","protected":false},"author":1,"featured_media":0,"parent":0,"menu_order":0,"comment_status":"closed","ping_status":"closed","template":"","meta":{"_rtcl_gb_attr":"","ub_ctt_via":"","site-sidebar-layout":"default","site-content-layout":"","ast-site-content-layout":"","site-content-style":"default","site-sidebar-style":"default","ast-global-header-display":"","ast-banner-title-visibility":"","ast-main-header-display":"","ast-hfb-above-header-display":"","ast-hfb-below-header-display":"","ast-hfb-mobile-header-display":"","site-post-title":"disabled","ast-breadcrumbs-content":"","ast-featured-img":"","footer-sml-layout":"","theme-transparent-header-meta":"","adv-header-id-meta":"","stick-header-meta":"","header-above-stick-meta":"","header-main-stick-meta":"","header-below-stick-meta":"","astra-migrate-meta-layouts":"default","ast-page-background-enabled":"default","ast-page-background-meta":{"desktop":{"background-color":"var(--ast-global-color-4)","background-image":"","background-repeat":"repeat","background-position":"center center","background-size":"auto","background-attachment":"scroll","background-type":"","background-media":"","overlay-type":"","overlay-color":"","overlay-gradient":""},"tablet":{"background-color":"","background-image":"","background-repeat":"repeat","background-position":"center center","background-size":"auto","background-attachment":"scroll","background-type":"","background-media":"","overlay-type":"","overlay-color":"","overlay-gradient":""},"mobile":{"background-color":"","background-image":"","background-repeat":"repeat","background-position":"center center","background-size":"auto","background-attachment":"scroll","background-type":"","background-media":"","overlay-type":"","overlay-color":"","overlay-gradient":""}},"ast-content-background-meta":{"desktop":{"background-color":"var(--ast-global-color-5)","background-image":"","background-repeat":"repeat","background-position":"center center","background-size":"auto","background-attachment":"scroll","background-type":"","background-media":"","overlay-type":"","overlay-color":"","overlay-gradient":""},"tablet":{"background-color":"var(--ast-global-color-5)","background-image":"","background-repeat":"repeat","background-position":"center center","background-size":"auto","background-attachment":"scroll","background-type":"","background-media":"","overlay-type":"","overlay-color":"","overlay-gradient":""},"mobile":{"background-color":"var(--ast-global-color-5)","background-image":"","background-repeat":"repeat","background-position":"center center","background-size":"auto","background-attachment":"scroll","background-type":"","background-media":"","overlay-type":"","overlay-color":"","overlay-gradient":""}},"footnotes":""},"categories":[],"tags":[],"folder":[],"class_list":["post-67","page","type-page","status-publish","hentry"],"featured_image_src":null,"_links":{"self":[{"href":"https:\/\/www.retrotechnic.com\/doyennes\/wp-json\/wp\/v2\/pages\/67","targetHints":{"allow":["GET"]}}],"collection":[{"href":"https:\/\/www.retrotechnic.com\/doyennes\/wp-json\/wp\/v2\/pages"}],"about":[{"href":"https:\/\/www.retrotechnic.com\/doyennes\/wp-json\/wp\/v2\/types\/page"}],"author":[{"embeddable":true,"href":"https:\/\/www.retrotechnic.com\/doyennes\/wp-json\/wp\/v2\/users\/1"}],"replies":[{"embeddable":true,"href":"https:\/\/www.retrotechnic.com\/doyennes\/wp-json\/wp\/v2\/comments?post=67"}],"version-history":[{"count":20,"href":"https:\/\/www.retrotechnic.com\/doyennes\/wp-json\/wp\/v2\/pages\/67\/revisions"}],"predecessor-version":[{"id":600,"href":"https:\/\/www.retrotechnic.com\/doyennes\/wp-json\/wp\/v2\/pages\/67\/revisions\/600"}],"wp:attachment":[{"href":"https:\/\/www.retrotechnic.com\/doyennes\/wp-json\/wp\/v2\/media?parent=67"}],"wp:term":[{"taxonomy":"category","embeddable":true,"href":"https:\/\/www.retrotechnic.com\/doyennes\/wp-json\/wp\/v2\/categories?post=67"},{"taxonomy":"post_tag","embeddable":true,"href":"https:\/\/www.retrotechnic.com\/doyennes\/wp-json\/wp\/v2\/tags?post=67"},{"taxonomy":"folder","embeddable":true,"href":"https:\/\/www.retrotechnic.com\/doyennes\/wp-json\/wp\/v2\/folder?post=67"}],"curies":[{"name":"wp","href":"https:\/\/api.w.org\/{rel}","templated":true}]}}