{"id":531,"date":"2024-01-16T16:18:32","date_gmt":"2024-01-16T15:18:32","guid":{"rendered":"http:\/\/localhost\/doyennes\/?page_id=531"},"modified":"2024-01-16T16:22:27","modified_gmt":"2024-01-16T15:22:27","slug":"les-liens","status":"publish","type":"page","link":"https:\/\/www.retrotechnic.com\/doyennes\/les-liens\/","title":{"rendered":"Les Liens"},"content":{"rendered":"\n<h4 class=\"wp-block-heading\">FFVE<\/h4>\n\n\n\n<p>Le club Les Doyennes de Panhard &amp; Levassor est naturellement membre de la <a href=\"http:\/\/www.ffve.org\/\" target=\"_blank\" rel=\"noreferrer noopener\">F\u00e9d\u00e9ration Fran\u00e7aise des V\u00e9hicules d\u2019Epoque<\/a>, le site incontournable des amateurs de v\u00e9hicule ancien !<\/p>\n\n\n\n<figure class=\"wp-block-image aligncenter size-full is-resized\"><img loading=\"lazy\" decoding=\"async\" width=\"300\" height=\"300\" src=\"http:\/\/localhost\/doyennes\/wp-content\/uploads\/2024\/01\/logo_ffve-300x300-1.png\" alt=\"\" class=\"wp-image-533\" style=\"width:194px;height:auto\" srcset=\"https:\/\/www.retrotechnic.com\/doyennes\/wp-content\/uploads\/2024\/01\/logo_ffve-300x300-1.png 300w, https:\/\/www.retrotechnic.com\/doyennes\/wp-content\/uploads\/2024\/01\/logo_ffve-300x300-1-150x150.png 150w\" sizes=\"auto, (max-width: 300px) 100vw, 300px\" \/><\/figure>\n\n\n\n<BR\/>\n\n\n\n<h4 class=\"wp-block-heading\">Sites Panhard &amp; Levassor<\/h4>\n\n\n\n<p>La majorit\u00e9 des clubs consacr\u00e9s \u00e0 la marque est regroup\u00e9e au sein de la <a href=\"http:\/\/federationdesclubspanhardetlevassor.com\/\" target=\"_blank\" rel=\"noreferrer noopener\">F\u00e9d\u00e9ration des Clubs Panhard &amp; Levassor<\/a>, voulue par Jean Panhard.<a href=\"https:\/\/doyennes-panhard-levassor.fr\/wp-content\/uploads\/2015\/02\/pahard-y-levasor.png\"><\/a><\/p>\n\n\n\n<figure class=\"wp-block-image aligncenter size-full is-resized\"><img loading=\"lazy\" decoding=\"async\" width=\"300\" height=\"300\" src=\"http:\/\/localhost\/doyennes\/wp-content\/uploads\/2024\/01\/pahard-y-levasor-300x300-1.png\" alt=\"\" class=\"wp-image-535\" style=\"width:219px;height:auto\" srcset=\"https:\/\/www.retrotechnic.com\/doyennes\/wp-content\/uploads\/2024\/01\/pahard-y-levasor-300x300-1.png 300w, https:\/\/www.retrotechnic.com\/doyennes\/wp-content\/uploads\/2024\/01\/pahard-y-levasor-300x300-1-150x150.png 150w\" sizes=\"auto, (max-width: 300px) 100vw, 300px\" \/><\/figure>\n\n\n\n<p>En France, plusieurs clubs regroupent les amateurs de Panhard \u00ab\u00a0d\u2019apr\u00e8s guerre\u00a0\u00bb, en particulier le <a href=\"http:\/\/www.dcpl.fr\/\" target=\"_blank\" rel=\"noreferrer noopener\">Dynamic Club Panhard &amp; Levassor<\/a><\/p>\n\n\n\n<p><a href=\"https:\/\/doyennes-panhard-levassor.fr\/wp-content\/uploads\/2021\/02\/DCPL.png\"><\/a><\/p>\n\n\n\n<figure class=\"wp-block-image alignleft size-full is-resized\"><img loading=\"lazy\" decoding=\"async\" width=\"439\" height=\"440\" src=\"http:\/\/localhost\/doyennes\/wp-content\/uploads\/2024\/01\/DCPL.png\" alt=\"\" class=\"wp-image-536\" style=\"width:158px;height:auto\" srcset=\"https:\/\/www.retrotechnic.com\/doyennes\/wp-content\/uploads\/2024\/01\/DCPL.png 439w, https:\/\/www.retrotechnic.com\/doyennes\/wp-content\/uploads\/2024\/01\/DCPL-300x300.png 300w, https:\/\/www.retrotechnic.com\/doyennes\/wp-content\/uploads\/2024\/01\/DCPL-150x150.png 150w\" sizes=\"auto, (max-width: 439px) 100vw, 439px\" \/><\/figure>\n\n\n\n<figure class=\"wp-block-image alignleft size-full is-resized\"><img loading=\"lazy\" decoding=\"async\" width=\"188\" height=\"114\" src=\"http:\/\/localhost\/doyennes\/wp-content\/uploads\/2024\/01\/images.png\" alt=\"\" class=\"wp-image-537\" style=\"width:277px;height:auto\"\/><\/figure>\n\n\n","protected":false},"excerpt":{"rendered":"<p>FFVE Le club Les Doyennes de Panhard &amp; Levassor est naturellement membre de la F\u00e9d\u00e9ration Fran\u00e7aise des V\u00e9hicules d\u2019Epoque, le site incontournable des amateurs de v\u00e9hicule ancien ! Sites Panhard<\/p>\n","protected":false},"author":1,"featured_media":0,"parent":0,"menu_order":0,"comment_status":"closed","ping_status":"closed","template":"","meta":{"_rtcl_gb_attr":"","ub_ctt_via":"","site-sidebar-layout":"default","site-content-layout":"","ast-site-content-layout":"","site-content-style":"default","site-sidebar-style":"default","ast-global-header-display":"","ast-banner-title-visibility":"","ast-main-header-display":"","ast-hfb-above-header-display":"","ast-hfb-below-header-display":"","ast-hfb-mobile-header-display":"","site-post-title":"","ast-breadcrumbs-content":"","ast-featured-img":"","footer-sml-layout":"","theme-transparent-header-meta":"","adv-header-id-meta":"","stick-header-meta":"","header-above-stick-meta":"","header-main-stick-meta":"","header-below-stick-meta":"","astra-migrate-meta-layouts":"default","ast-page-background-enabled":"default","ast-page-background-meta":{"desktop":{"background-color":"var(--ast-global-color-4)","background-image":"","background-repeat":"repeat","background-position":"center center","background-size":"auto","background-attachment":"scroll","background-type":"","background-media":"","overlay-type":"","overlay-color":"","overlay-gradient":""},"tablet":{"background-color":"","background-image":"","background-repeat":"repeat","background-position":"center center","background-size":"auto","background-attachment":"scroll","background-type":"","background-media":"","overlay-type":"","overlay-color":"","overlay-gradient":""},"mobile":{"background-color":"","background-image":"","background-repeat":"repeat","background-position":"center center","background-size":"auto","background-attachment":"scroll","background-type":"","background-media":"","overlay-type":"","overlay-color":"","overlay-gradient":""}},"ast-content-background-meta":{"desktop":{"background-color":"var(--ast-global-color-5)","background-image":"","background-repeat":"repeat","background-position":"center center","background-size":"auto","background-attachment":"scroll","background-type":"","background-media":"","overlay-type":"","overlay-color":"","overlay-gradient":""},"tablet":{"background-color":"var(--ast-global-color-5)","background-image":"","background-repeat":"repeat","background-position":"center center","background-size":"auto","background-attachment":"scroll","background-type":"","background-media":"","overlay-type":"","overlay-color":"","overlay-gradient":""},"mobile":{"background-color":"var(--ast-global-color-5)","background-image":"","background-repeat":"repeat","background-position":"center center","background-size":"auto","background-attachment":"scroll","background-type":"","background-media":"","overlay-type":"","overlay-color":"","overlay-gradient":""}},"footnotes":""},"categories":[],"tags":[],"folder":[],"class_list":["post-531","page","type-page","status-publish","hentry"],"featured_image_src":null,"_links":{"self":[{"href":"https:\/\/www.retrotechnic.com\/doyennes\/wp-json\/wp\/v2\/pages\/531","targetHints":{"allow":["GET"]}}],"collection":[{"href":"https:\/\/www.retrotechnic.com\/doyennes\/wp-json\/wp\/v2\/pages"}],"about":[{"href":"https:\/\/www.retrotechnic.com\/doyennes\/wp-json\/wp\/v2\/types\/page"}],"author":[{"embeddable":true,"href":"https:\/\/www.retrotechnic.com\/doyennes\/wp-json\/wp\/v2\/users\/1"}],"replies":[{"embeddable":true,"href":"https:\/\/www.retrotechnic.com\/doyennes\/wp-json\/wp\/v2\/comments?post=531"}],"version-history":[{"count":2,"href":"https:\/\/www.retrotechnic.com\/doyennes\/wp-json\/wp\/v2\/pages\/531\/revisions"}],"predecessor-version":[{"id":538,"href":"https:\/\/www.retrotechnic.com\/doyennes\/wp-json\/wp\/v2\/pages\/531\/revisions\/538"}],"wp:attachment":[{"href":"https:\/\/www.retrotechnic.com\/doyennes\/wp-json\/wp\/v2\/media?parent=531"}],"wp:term":[{"taxonomy":"category","embeddable":true,"href":"https:\/\/www.retrotechnic.com\/doyennes\/wp-json\/wp\/v2\/categories?post=531"},{"taxonomy":"post_tag","embeddable":true,"href":"https:\/\/www.retrotechnic.com\/doyennes\/wp-json\/wp\/v2\/tags?post=531"},{"taxonomy":"folder","embeddable":true,"href":"https:\/\/www.retrotechnic.com\/doyennes\/wp-json\/wp\/v2\/folder?post=531"}],"curies":[{"name":"wp","href":"https:\/\/api.w.org\/{rel}","templated":true}]}}