{"id":521,"date":"2024-01-16T15:44:48","date_gmt":"2024-01-16T14:44:48","guid":{"rendered":"http:\/\/localhost\/doyennes\/?page_id=521"},"modified":"2024-01-16T15:45:58","modified_gmt":"2024-01-16T14:45:58","slug":"les-bulletins","status":"publish","type":"page","link":"https:\/\/www.retrotechnic.com\/doyennes\/les-bulletins\/","title":{"rendered":"Les Bulletins"},"content":{"rendered":"<div class=\"wp-block-ub-tabbed-content wp-block-ub-tabbed-content-holder wp-block-ub-tabbed-content-horizontal-holder-mobile wp-block-ub-tabbed-content-horizontal-holder-tablet\" id=\"ub-tabbed-content-abd01518-b26e-4045-b897-5fa454e4e34f\">\n                <div class=\"wp-block-ub-tabbed-content-tab-holder horizontal-tab-width-mobile horizontal-tab-width-tablet\">\n                    <div role=\"tablist\" class=\"wp-block-ub-tabbed-content-tabs-title wp-block-ub-tabbed-content-tabs-title-mobile-horizontal-tab wp-block-ub-tabbed-content-tabs-title-tablet-horizontal-tab\"><div role=\"tab\" id=\"ub-tabbed-content-abd01518-b26e-4045-b897-5fa454e4e34f-tab-0\" aria-controls=\"ub-tabbed-content-abd01518-b26e-4045-b897-5fa454e4e34f-panel-0\"\n            aria-selected=\"false\" class = \"wp-block-ub-tabbed-content-tab-title-wrap\" tabindex=\"-1\">\n            <div class=\"wp-block-ub-tabbed-content-tab-title\"><strong><em>2023<\/em><\/strong><\/div><\/div><div role=\"tab\" id=\"ub-tabbed-content-abd01518-b26e-4045-b897-5fa454e4e34f-tab-1\" aria-controls=\"ub-tabbed-content-abd01518-b26e-4045-b897-5fa454e4e34f-panel-1\"\n            aria-selected=\"false\" class = \"wp-block-ub-tabbed-content-tab-title-wrap\" tabindex=\"-1\">\n            <div class=\"wp-block-ub-tabbed-content-tab-title\"><strong><em>2022<\/em><\/strong><\/div><\/div><div role=\"tab\" id=\"ub-tabbed-content-abd01518-b26e-4045-b897-5fa454e4e34f-tab-2\" aria-controls=\"ub-tabbed-content-abd01518-b26e-4045-b897-5fa454e4e34f-panel-2\"\n            aria-selected=\"true\" class = \"wp-block-ub-tabbed-content-tab-title-wrap active\" tabindex=\"-1\">\n            <div class=\"wp-block-ub-tabbed-content-tab-title\"><strong><em>2021<\/em><\/strong><\/div><\/div><div role=\"tab\" id=\"ub-tabbed-content-abd01518-b26e-4045-b897-5fa454e4e34f-tab-3\" aria-controls=\"ub-tabbed-content-abd01518-b26e-4045-b897-5fa454e4e34f-panel-3\"\n            aria-selected=\"false\" class = \"wp-block-ub-tabbed-content-tab-title-wrap\" tabindex=\"-1\">\n            <div class=\"wp-block-ub-tabbed-content-tab-title\"><strong><em>2020<\/em><\/strong><\/div><\/div><div role=\"tab\" id=\"ub-tabbed-content-abd01518-b26e-4045-b897-5fa454e4e34f-tab-4\" aria-controls=\"ub-tabbed-content-abd01518-b26e-4045-b897-5fa454e4e34f-panel-4\"\n            aria-selected=\"false\" class = \"wp-block-ub-tabbed-content-tab-title-wrap\" tabindex=\"-1\">\n            <div class=\"wp-block-ub-tabbed-content-tab-title\"><strong><em>2019<\/em><\/strong><\/div><\/div><div role=\"tab\" id=\"ub-tabbed-content-abd01518-b26e-4045-b897-5fa454e4e34f-tab-5\" aria-controls=\"ub-tabbed-content-abd01518-b26e-4045-b897-5fa454e4e34f-panel-5\"\n            aria-selected=\"false\" class = \"wp-block-ub-tabbed-content-tab-title-wrap\" tabindex=\"-1\">\n            <div class=\"wp-block-ub-tabbed-content-tab-title\"><strong><em>2018<\/em><\/strong><\/div><\/div><div role=\"tab\" id=\"ub-tabbed-content-abd01518-b26e-4045-b897-5fa454e4e34f-tab-6\" aria-controls=\"ub-tabbed-content-abd01518-b26e-4045-b897-5fa454e4e34f-panel-6\"\n            aria-selected=\"false\" class = \"wp-block-ub-tabbed-content-tab-title-wrap\" tabindex=\"-1\">\n            <div class=\"wp-block-ub-tabbed-content-tab-title\"><strong><em>2017<\/em><\/strong><\/div><\/div><\/div><\/div>\n                <div class=\"wp-block-ub-tabbed-content-tabs-content\"><div role=\"tabpanel\" class=\"wp-block-ub-tabbed-content-tab-content-wrap ub-hide\"\n        id=\"ub-tabbed-content--panel-0\" aria-labelledby=\"ub-tabbed-content--tab-0\" tabindex=\"0\">\n\n<p><\/p>\n\n<\/div><div role=\"tabpanel\" class=\"wp-block-ub-tabbed-content-tab-content-wrap ub-hide\"\n        id=\"ub-tabbed-content--panel-1\" aria-labelledby=\"ub-tabbed-content--tab-1\" tabindex=\"0\">\n\n<p><\/p>\n\n<\/div><div role=\"tabpanel\" class=\"wp-block-ub-tabbed-content-tab-content-wrap active\"\n        id=\"ub-tabbed-content--panel-2\" aria-labelledby=\"ub-tabbed-content--tab-2\" tabindex=\"0\">\n\n<h4 class=\"wp-block-heading\">Le bulletin 2021 est paru !<\/h4>\n\n\n\n<p>Il a \u00e9t\u00e9 envoy\u00e9 \u00e0 tous les membres du club \u00e0 jour de leur cotisation. Ce num\u00e9ro sp\u00e9cial est consacr\u00e9 aux usines Panhard &amp; levassor . Il a \u00e9t\u00e9 supervis\u00e9 par Bernard Vermeylen auteur connu et membre des Doyennes. La f\u00e9d\u00e9ration des clubs Panhard ainsi que le Amicale Panhard Belgique nous ont permis d\u2019en imprimer plusieurs centaines.<\/p>\n\n\n\n<p>150 pages avec certaines photos in\u00e9dites, toutes l\u00e9gend\u00e9es et traduction en anglais pour nos amis anglophones !\u2026<\/p>\n\n\n\n<p>Il est possible d\u2019acheter pour les non membres, le bulletin aupr\u00e8s d\u2019un dirigeant du bureau ( voir menu \u00ab&nbsp;contact&nbsp;\u00bb )<\/p>\n\n\n\n<figure class=\"wp-block-image aligncenter size-full is-resized\"><img loading=\"lazy\" decoding=\"async\" width=\"640\" height=\"480\" src=\"http:\/\/localhost\/doyennes\/wp-content\/uploads\/2024\/01\/IMG_4711.jpg\" alt=\"\" class=\"wp-image-522\" style=\"width:491px;height:auto\" srcset=\"https:\/\/www.retrotechnic.com\/doyennes\/wp-content\/uploads\/2024\/01\/IMG_4711.jpg 640w, https:\/\/www.retrotechnic.com\/doyennes\/wp-content\/uploads\/2024\/01\/IMG_4711-300x225.jpg 300w, https:\/\/www.retrotechnic.com\/doyennes\/wp-content\/uploads\/2024\/01\/IMG_4711-320x240.jpg 320w\" sizes=\"auto, (max-width: 640px) 100vw, 640px\" \/><\/figure>\n\n\n\n<br\/>\n\n\n\n<figure class=\"wp-block-image aligncenter size-full is-resized\"><img loading=\"lazy\" decoding=\"async\" width=\"640\" height=\"480\" src=\"http:\/\/localhost\/doyennes\/wp-content\/uploads\/2024\/01\/IMG_4710.jpg\" alt=\"\" class=\"wp-image-523\" style=\"width:494px;height:auto\" srcset=\"https:\/\/www.retrotechnic.com\/doyennes\/wp-content\/uploads\/2024\/01\/IMG_4710.jpg 640w, https:\/\/www.retrotechnic.com\/doyennes\/wp-content\/uploads\/2024\/01\/IMG_4710-300x225.jpg 300w, https:\/\/www.retrotechnic.com\/doyennes\/wp-content\/uploads\/2024\/01\/IMG_4710-320x240.jpg 320w\" sizes=\"auto, (max-width: 640px) 100vw, 640px\" \/><\/figure>\n\n\n\n<br\/>\n\n\n\n<h4 class=\"wp-block-heading\">Le Club : La communication interne\u2026<\/h4>\n\n\n\n<p>Le Club des Doyennes de Panhard &amp; Levassor dispose de diff\u00e9rents moyens de communication \u00e0 l\u2019intention de ses membres.<\/p>\n\n\n\n<p>Outre les r\u00e9unions \u00e0 l\u2019occasion de l\u2019Assembl\u00e9e G\u00e9n\u00e9rale annuelle ou des diff\u00e9rentes sorties organis\u00e9es par le club, les informations circulent de diff\u00e9rentes mani\u00e8res.<\/p>\n\n\n\n<p>Pour ce qui est urgent, ceux d\u2019entre nous qui sont connect\u00e9s \u00e0 Internet re\u00e7oivent des messages ponctuels pour signaler tel ou tel \u00e9v\u00e8nement.<\/p>\n\n\n\n<p>Le Club des Doyennes de Panhard &amp; Levassor \u00e9dite \u00e9galement un <strong>Bulletin<\/strong> \u00e0 pr\u00e9sent une fois par an. Ce bulletin rassemble une foule d\u2019informations sur la marque doyenne, son histoire, la vie des usines et des hommes, les productions. Y figurent \u00e9galement des dossiers complets de restaurations de voitures de nos membres, ainsi que nombre de conseils techniques pour l\u2019entretien de nos v\u00e9hicules.<\/p>\n\n\n\n<p>Dans le tableau qui suit, vous trouverez une synth\u00e8se des articles ayant \u00e9t\u00e9 publi\u00e9s dans les diff\u00e9rents bulletins.<\/p>\n\n\n\n<p>ATTENTION: Les bulletins sont exclusivement r\u00e9serv\u00e9s aux adh\u00e9rents du club.<\/p>\n\n<\/div><div role=\"tabpanel\" class=\"wp-block-ub-tabbed-content-tab-content-wrap ub-hide\"\n        id=\"ub-tabbed-content--panel-3\" aria-labelledby=\"ub-tabbed-content--tab-3\" tabindex=\"0\">\n\n<p><\/p>\n\n<\/div><div role=\"tabpanel\" class=\"wp-block-ub-tabbed-content-tab-content-wrap ub-hide\"\n        id=\"ub-tabbed-content--panel-4\" aria-labelledby=\"ub-tabbed-content--tab-4\" tabindex=\"0\">\n\n<p><\/p>\n\n<\/div><div role=\"tabpanel\" class=\"wp-block-ub-tabbed-content-tab-content-wrap ub-hide\"\n        id=\"ub-tabbed-content--panel-5\" aria-labelledby=\"ub-tabbed-content--tab-5\" tabindex=\"0\">\n\n<p><\/p>\n\n<\/div><div role=\"tabpanel\" class=\"wp-block-ub-tabbed-content-tab-content-wrap ub-hide\"\n        id=\"ub-tabbed-content--panel-6\" aria-labelledby=\"ub-tabbed-content--tab-6\" tabindex=\"0\">\n\n<p><\/p>\n\n<\/div><\/div>\n            <\/div>","protected":false},"excerpt":{"rendered":"","protected":false},"author":1,"featured_media":0,"parent":0,"menu_order":0,"comment_status":"closed","ping_status":"closed","template":"","meta":{"_rtcl_gb_attr":"","ub_ctt_via":"","site-sidebar-layout":"default","site-content-layout":"","ast-site-content-layout":"","site-content-style":"default","site-sidebar-style":"default","ast-global-header-display":"","ast-banner-title-visibility":"","ast-main-header-display":"","ast-hfb-above-header-display":"","ast-hfb-below-header-display":"","ast-hfb-mobile-header-display":"","site-post-title":"","ast-breadcrumbs-content":"","ast-featured-img":"","footer-sml-layout":"","theme-transparent-header-meta":"","adv-header-id-meta":"","stick-header-meta":"","header-above-stick-meta":"","header-main-stick-meta":"","header-below-stick-meta":"","astra-migrate-meta-layouts":"default","ast-page-background-enabled":"default","ast-page-background-meta":{"desktop":{"background-color":"var(--ast-global-color-4)","background-image":"","background-repeat":"repeat","background-position":"center center","background-size":"auto","background-attachment":"scroll","background-type":"","background-media":"","overlay-type":"","overlay-color":"","overlay-gradient":""},"tablet":{"background-color":"","background-image":"","background-repeat":"repeat","background-position":"center center","background-size":"auto","background-attachment":"scroll","background-type":"","background-media":"","overlay-type":"","overlay-color":"","overlay-gradient":""},"mobile":{"background-color":"","background-image":"","background-repeat":"repeat","background-position":"center center","background-size":"auto","background-attachment":"scroll","background-type":"","background-media":"","overlay-type":"","overlay-color":"","overlay-gradient":""}},"ast-content-background-meta":{"desktop":{"background-color":"var(--ast-global-color-5)","background-image":"","background-repeat":"repeat","background-position":"center center","background-size":"auto","background-attachment":"scroll","background-type":"","background-media":"","overlay-type":"","overlay-color":"","overlay-gradient":""},"tablet":{"background-color":"var(--ast-global-color-5)","background-image":"","background-repeat":"repeat","background-position":"center center","background-size":"auto","background-attachment":"scroll","background-type":"","background-media":"","overlay-type":"","overlay-color":"","overlay-gradient":""},"mobile":{"background-color":"var(--ast-global-color-5)","background-image":"","background-repeat":"repeat","background-position":"center center","background-size":"auto","background-attachment":"scroll","background-type":"","background-media":"","overlay-type":"","overlay-color":"","overlay-gradient":""}},"footnotes":""},"categories":[],"tags":[],"folder":[49],"class_list":["post-521","page","type-page","status-publish","hentry"],"featured_image_src":null,"_links":{"self":[{"href":"https:\/\/www.retrotechnic.com\/doyennes\/wp-json\/wp\/v2\/pages\/521","targetHints":{"allow":["GET"]}}],"collection":[{"href":"https:\/\/www.retrotechnic.com\/doyennes\/wp-json\/wp\/v2\/pages"}],"about":[{"href":"https:\/\/www.retrotechnic.com\/doyennes\/wp-json\/wp\/v2\/types\/page"}],"author":[{"embeddable":true,"href":"https:\/\/www.retrotechnic.com\/doyennes\/wp-json\/wp\/v2\/users\/1"}],"replies":[{"embeddable":true,"href":"https:\/\/www.retrotechnic.com\/doyennes\/wp-json\/wp\/v2\/comments?post=521"}],"version-history":[{"count":4,"href":"https:\/\/www.retrotechnic.com\/doyennes\/wp-json\/wp\/v2\/pages\/521\/revisions"}],"predecessor-version":[{"id":527,"href":"https:\/\/www.retrotechnic.com\/doyennes\/wp-json\/wp\/v2\/pages\/521\/revisions\/527"}],"wp:attachment":[{"href":"https:\/\/www.retrotechnic.com\/doyennes\/wp-json\/wp\/v2\/media?parent=521"}],"wp:term":[{"taxonomy":"category","embeddable":true,"href":"https:\/\/www.retrotechnic.com\/doyennes\/wp-json\/wp\/v2\/categories?post=521"},{"taxonomy":"post_tag","embeddable":true,"href":"https:\/\/www.retrotechnic.com\/doyennes\/wp-json\/wp\/v2\/tags?post=521"},{"taxonomy":"folder","embeddable":true,"href":"https:\/\/www.retrotechnic.com\/doyennes\/wp-json\/wp\/v2\/folder?post=521"}],"curies":[{"name":"wp","href":"https:\/\/api.w.org\/{rel}","templated":true}]}}