{"id":463,"date":"2024-01-12T15:20:01","date_gmt":"2024-01-12T14:20:01","guid":{"rendered":"http:\/\/localhost\/doyennes\/?page_id=463"},"modified":"2024-01-12T15:20:01","modified_gmt":"2024-01-12T14:20:01","slug":"federation-clubs-panhard","status":"publish","type":"page","link":"https:\/\/www.retrotechnic.com\/doyennes\/federation-clubs-panhard\/","title":{"rendered":"F\u00e9d\u00e9ration clubs Panhard"},"content":{"rendered":"\n<figure class=\"wp-block-image alignleft size-full is-resized\"><img loading=\"lazy\" decoding=\"async\" width=\"768\" height=\"768\" src=\"http:\/\/localhost\/doyennes\/wp-content\/uploads\/2024\/01\/pahard-y-levasor-768x768-1.png\" alt=\"\" class=\"wp-image-464\" style=\"width:202px;height:auto\" srcset=\"https:\/\/www.retrotechnic.com\/doyennes\/wp-content\/uploads\/2024\/01\/pahard-y-levasor-768x768-1.png 768w, https:\/\/www.retrotechnic.com\/doyennes\/wp-content\/uploads\/2024\/01\/pahard-y-levasor-768x768-1-300x300.png 300w, https:\/\/www.retrotechnic.com\/doyennes\/wp-content\/uploads\/2024\/01\/pahard-y-levasor-768x768-1-150x150.png 150w\" sizes=\"auto, (max-width: 768px) 100vw, 768px\" \/><\/figure>\n\n\n\n<p>La F\u00e9d\u00e9ration des Clubs Panhard &amp; Levassor a \u00e9t\u00e9 cr\u00e9\u00e9e le 16 avril 1987 par Jean Panhard et a pour objectif d\u2019organiser des actions communes entre tous ses membres et toutes autres associations et organismes \u00e0 effet de d\u00e9fendre et promouvoir l\u2019existence et le r\u00f4le de Panhard et Levassor dans l\u2019histoire de l\u2019automobile.<\/p>\n\n\n\n<p><a href=\"http:\/\/federationdesclubspanhardetlevassor.com\/\" target=\"_blank\" rel=\"noreferrer noopener\">Association des Clubs Panhard &amp; Levassor<\/a><\/p>\n","protected":false},"excerpt":{"rendered":"<p>La F\u00e9d\u00e9ration des Clubs Panhard &amp; Levassor a \u00e9t\u00e9 cr\u00e9\u00e9e le 16 avril 1987 par Jean Panhard et a pour objectif d\u2019organiser des actions communes entre tous ses membres et<\/p>\n","protected":false},"author":1,"featured_media":0,"parent":0,"menu_order":0,"comment_status":"closed","ping_status":"closed","template":"","meta":{"_rtcl_gb_attr":"","ub_ctt_via":"","site-sidebar-layout":"default","site-content-layout":"","ast-site-content-layout":"","site-content-style":"default","site-sidebar-style":"default","ast-global-header-display":"","ast-banner-title-visibility":"","ast-main-header-display":"","ast-hfb-above-header-display":"","ast-hfb-below-header-display":"","ast-hfb-mobile-header-display":"","site-post-title":"","ast-breadcrumbs-content":"","ast-featured-img":"","footer-sml-layout":"","theme-transparent-header-meta":"","adv-header-id-meta":"","stick-header-meta":"","header-above-stick-meta":"","header-main-stick-meta":"","header-below-stick-meta":"","astra-migrate-meta-layouts":"default","ast-page-background-enabled":"default","ast-page-background-meta":{"desktop":{"background-color":"var(--ast-global-color-4)","background-image":"","background-repeat":"repeat","background-position":"center center","background-size":"auto","background-attachment":"scroll","background-type":"","background-media":"","overlay-type":"","overlay-color":"","overlay-gradient":""},"tablet":{"background-color":"","background-image":"","background-repeat":"repeat","background-position":"center center","background-size":"auto","background-attachment":"scroll","background-type":"","background-media":"","overlay-type":"","overlay-color":"","overlay-gradient":""},"mobile":{"background-color":"","background-image":"","background-repeat":"repeat","background-position":"center center","background-size":"auto","background-attachment":"scroll","background-type":"","background-media":"","overlay-type":"","overlay-color":"","overlay-gradient":""}},"ast-content-background-meta":{"desktop":{"background-color":"var(--ast-global-color-5)","background-image":"","background-repeat":"repeat","background-position":"center center","background-size":"auto","background-attachment":"scroll","background-type":"","background-media":"","overlay-type":"","overlay-color":"","overlay-gradient":""},"tablet":{"background-color":"var(--ast-global-color-5)","background-image":"","background-repeat":"repeat","background-position":"center center","background-size":"auto","background-attachment":"scroll","background-type":"","background-media":"","overlay-type":"","overlay-color":"","overlay-gradient":""},"mobile":{"background-color":"var(--ast-global-color-5)","background-image":"","background-repeat":"repeat","background-position":"center center","background-size":"auto","background-attachment":"scroll","background-type":"","background-media":"","overlay-type":"","overlay-color":"","overlay-gradient":""}},"footnotes":""},"categories":[],"tags":[],"folder":[44],"class_list":["post-463","page","type-page","status-publish","hentry"],"featured_image_src":null,"_links":{"self":[{"href":"https:\/\/www.retrotechnic.com\/doyennes\/wp-json\/wp\/v2\/pages\/463","targetHints":{"allow":["GET"]}}],"collection":[{"href":"https:\/\/www.retrotechnic.com\/doyennes\/wp-json\/wp\/v2\/pages"}],"about":[{"href":"https:\/\/www.retrotechnic.com\/doyennes\/wp-json\/wp\/v2\/types\/page"}],"author":[{"embeddable":true,"href":"https:\/\/www.retrotechnic.com\/doyennes\/wp-json\/wp\/v2\/users\/1"}],"replies":[{"embeddable":true,"href":"https:\/\/www.retrotechnic.com\/doyennes\/wp-json\/wp\/v2\/comments?post=463"}],"version-history":[{"count":1,"href":"https:\/\/www.retrotechnic.com\/doyennes\/wp-json\/wp\/v2\/pages\/463\/revisions"}],"predecessor-version":[{"id":465,"href":"https:\/\/www.retrotechnic.com\/doyennes\/wp-json\/wp\/v2\/pages\/463\/revisions\/465"}],"wp:attachment":[{"href":"https:\/\/www.retrotechnic.com\/doyennes\/wp-json\/wp\/v2\/media?parent=463"}],"wp:term":[{"taxonomy":"category","embeddable":true,"href":"https:\/\/www.retrotechnic.com\/doyennes\/wp-json\/wp\/v2\/categories?post=463"},{"taxonomy":"post_tag","embeddable":true,"href":"https:\/\/www.retrotechnic.com\/doyennes\/wp-json\/wp\/v2\/tags?post=463"},{"taxonomy":"folder","embeddable":true,"href":"https:\/\/www.retrotechnic.com\/doyennes\/wp-json\/wp\/v2\/folder?post=463"}],"curies":[{"name":"wp","href":"https:\/\/api.w.org\/{rel}","templated":true}]}}