{"id":389,"date":"2024-01-12T12:26:49","date_gmt":"2024-01-12T11:26:49","guid":{"rendered":"http:\/\/localhost\/doyennes\/?page_id=389"},"modified":"2024-01-12T12:26:50","modified_gmt":"2024-01-12T11:26:50","slug":"alexis-kow","status":"publish","type":"page","link":"https:\/\/www.retrotechnic.com\/doyennes\/alexis-kow\/","title":{"rendered":"Alexis Kow"},"content":{"rendered":"\n<figure class=\"wp-block-image alignleft size-full\"><img loading=\"lazy\" decoding=\"async\" width=\"219\" height=\"300\" src=\"http:\/\/localhost\/doyennes\/wp-content\/uploads\/2024\/01\/affiches-alexis-kow.jpg\" alt=\"\" class=\"wp-image-390\"\/><\/figure>\n\n\n\n<p>Dessinateur de g\u00e9nie et illustrateur officiel de PL pendant presque 30 ans , il f\u00fbt de toutes les publicit\u00e9s et affiches de la marque, illustrant aussi les catalogue de vente.<\/p>\n\n\n\n<p>Pour tout savoir sur ce dessinateur au talent incomparable, n\u2019h\u00e9sitez pas \u00e0 visiter le site Andr\u00e9 Leroux d\u00e9di\u00e9 aux illustrateurs fran\u00e7ais :<\/p>\n\n\n\n<p><a href=\"http:\/\/leroux.andre.free.fr\/dessinakow.htm\" target=\"_blank\" rel=\"noreferrer noopener\">http:\/\/leroux.andre.free.fr\/dessinakow.htm<\/a><\/p>\n\n\n\n<p>A voir aussi pour les anglophones ce site o\u00f9 Alexis Kow est \u00e0 l\u2019honneur avec de belles affiches <a href=\"http:\/\/www.velocetoday.com\/the-automotive-art-of-alexis-kow\/\">http:\/\/www.velocetoday.com\/the-automotive-art-of-alexis-kow\/<\/a><\/p>\n\n\n\n<figure class=\"wp-block-image aligncenter size-full is-resized\"><img loading=\"lazy\" decoding=\"async\" width=\"650\" height=\"882\" src=\"http:\/\/localhost\/doyennes\/wp-content\/uploads\/2024\/01\/akow106.jpg\" alt=\"\" class=\"wp-image-391\" style=\"width:457px;height:auto\" srcset=\"https:\/\/www.retrotechnic.com\/doyennes\/wp-content\/uploads\/2024\/01\/akow106.jpg 650w, https:\/\/www.retrotechnic.com\/doyennes\/wp-content\/uploads\/2024\/01\/akow106-221x300.jpg 221w\" sizes=\"auto, (max-width: 650px) 100vw, 650px\" \/><\/figure>\n","protected":false},"excerpt":{"rendered":"<p>Dessinateur de g\u00e9nie et illustrateur officiel de PL pendant presque 30 ans , il f\u00fbt de toutes les publicit\u00e9s et affiches de la marque, illustrant aussi les catalogue de vente.<\/p>\n","protected":false},"author":1,"featured_media":0,"parent":0,"menu_order":0,"comment_status":"closed","ping_status":"closed","template":"","meta":{"_rtcl_gb_attr":"","ub_ctt_via":"","site-sidebar-layout":"default","site-content-layout":"","ast-site-content-layout":"","site-content-style":"default","site-sidebar-style":"default","ast-global-header-display":"","ast-banner-title-visibility":"","ast-main-header-display":"","ast-hfb-above-header-display":"","ast-hfb-below-header-display":"","ast-hfb-mobile-header-display":"","site-post-title":"","ast-breadcrumbs-content":"","ast-featured-img":"","footer-sml-layout":"","theme-transparent-header-meta":"","adv-header-id-meta":"","stick-header-meta":"","header-above-stick-meta":"","header-main-stick-meta":"","header-below-stick-meta":"","astra-migrate-meta-layouts":"default","ast-page-background-enabled":"default","ast-page-background-meta":{"desktop":{"background-color":"var(--ast-global-color-4)","background-image":"","background-repeat":"repeat","background-position":"center center","background-size":"auto","background-attachment":"scroll","background-type":"","background-media":"","overlay-type":"","overlay-color":"","overlay-gradient":""},"tablet":{"background-color":"","background-image":"","background-repeat":"repeat","background-position":"center center","background-size":"auto","background-attachment":"scroll","background-type":"","background-media":"","overlay-type":"","overlay-color":"","overlay-gradient":""},"mobile":{"background-color":"","background-image":"","background-repeat":"repeat","background-position":"center center","background-size":"auto","background-attachment":"scroll","background-type":"","background-media":"","overlay-type":"","overlay-color":"","overlay-gradient":""}},"ast-content-background-meta":{"desktop":{"background-color":"var(--ast-global-color-5)","background-image":"","background-repeat":"repeat","background-position":"center center","background-size":"auto","background-attachment":"scroll","background-type":"","background-media":"","overlay-type":"","overlay-color":"","overlay-gradient":""},"tablet":{"background-color":"var(--ast-global-color-5)","background-image":"","background-repeat":"repeat","background-position":"center center","background-size":"auto","background-attachment":"scroll","background-type":"","background-media":"","overlay-type":"","overlay-color":"","overlay-gradient":""},"mobile":{"background-color":"var(--ast-global-color-5)","background-image":"","background-repeat":"repeat","background-position":"center center","background-size":"auto","background-attachment":"scroll","background-type":"","background-media":"","overlay-type":"","overlay-color":"","overlay-gradient":""}},"footnotes":""},"categories":[],"tags":[],"folder":[50],"class_list":["post-389","page","type-page","status-publish","hentry"],"featured_image_src":null,"_links":{"self":[{"href":"https:\/\/www.retrotechnic.com\/doyennes\/wp-json\/wp\/v2\/pages\/389","targetHints":{"allow":["GET"]}}],"collection":[{"href":"https:\/\/www.retrotechnic.com\/doyennes\/wp-json\/wp\/v2\/pages"}],"about":[{"href":"https:\/\/www.retrotechnic.com\/doyennes\/wp-json\/wp\/v2\/types\/page"}],"author":[{"embeddable":true,"href":"https:\/\/www.retrotechnic.com\/doyennes\/wp-json\/wp\/v2\/users\/1"}],"replies":[{"embeddable":true,"href":"https:\/\/www.retrotechnic.com\/doyennes\/wp-json\/wp\/v2\/comments?post=389"}],"version-history":[{"count":1,"href":"https:\/\/www.retrotechnic.com\/doyennes\/wp-json\/wp\/v2\/pages\/389\/revisions"}],"predecessor-version":[{"id":392,"href":"https:\/\/www.retrotechnic.com\/doyennes\/wp-json\/wp\/v2\/pages\/389\/revisions\/392"}],"wp:attachment":[{"href":"https:\/\/www.retrotechnic.com\/doyennes\/wp-json\/wp\/v2\/media?parent=389"}],"wp:term":[{"taxonomy":"category","embeddable":true,"href":"https:\/\/www.retrotechnic.com\/doyennes\/wp-json\/wp\/v2\/categories?post=389"},{"taxonomy":"post_tag","embeddable":true,"href":"https:\/\/www.retrotechnic.com\/doyennes\/wp-json\/wp\/v2\/tags?post=389"},{"taxonomy":"folder","embeddable":true,"href":"https:\/\/www.retrotechnic.com\/doyennes\/wp-json\/wp\/v2\/folder?post=389"}],"curies":[{"name":"wp","href":"https:\/\/api.w.org\/{rel}","templated":true}]}}