{"id":217,"date":"2024-01-11T18:41:57","date_gmt":"2024-01-11T17:41:57","guid":{"rendered":"http:\/\/localhost\/doyennes\/?page_id=217"},"modified":"2024-01-11T19:00:01","modified_gmt":"2024-01-11T18:00:01","slug":"adhesion","status":"publish","type":"page","link":"https:\/\/www.retrotechnic.com\/doyennes\/adhesion\/","title":{"rendered":"Adh\u00e9sion"},"content":{"rendered":"\n<p>Vous souhaitez nous rejoindre ?<\/p>\n\n\n\n<p>A l\u2019heure actuelle notre club compte une centaine de membres dont la grande majorit\u00e9 poss\u00e8de un ou plusieurs v\u00e9hicules de la marque.<\/p>\n\n\n\n<p>Si vous poss\u00e9dez une Panhard &amp; Levassor d\u2019avant 1940 ou simplement si vous avez de l\u2019int\u00e9r\u00eat pour cette marque l\u00e9gendaire, n\u2019h\u00e9sitez pas \u00e0 nous rejoindre en envoyer le formulaire ci-dessous compl\u00e9t\u00e9 \u00e0 cette adresse <a href=\"mailto:registre.doyennes@free.fr\">e-mail <\/a><\/p>\n\n\n\n<div data-wp-interactive=\"core\/file\" class=\"wp-block-file\"><object data-wp-bind--hidden=\"!state.hasPdfPreview\" hidden class=\"wp-block-file__embed\" data=\"http:\/\/localhost\/doyennes\/wp-content\/uploads\/2024\/01\/bulletin_fr.pdf\" type=\"application\/pdf\" style=\"width:100%;height:600px\" aria-label=\"Contenu embarqu\u00e9 bulletin_fr.\"><\/object><a id=\"wp-block-file--media-2acf2bf0-7b0e-4991-b7b2-e72ae3eaeed3\" href=\"http:\/\/localhost\/doyennes\/wp-content\/uploads\/2024\/01\/bulletin_fr.pdf\">bulletin_fr<\/a><a href=\"http:\/\/localhost\/doyennes\/wp-content\/uploads\/2024\/01\/bulletin_fr.pdf\" class=\"wp-block-file__button wp-element-button\" download aria-describedby=\"wp-block-file--media-2acf2bf0-7b0e-4991-b7b2-e72ae3eaeed3\">T\u00e9l\u00e9charger<\/a><\/div>\n","protected":false},"excerpt":{"rendered":"<p>Vous souhaitez nous rejoindre ? A l\u2019heure actuelle notre club compte une centaine de membres dont la grande majorit\u00e9 poss\u00e8de un ou plusieurs v\u00e9hicules de la marque. Si vous poss\u00e9dez<\/p>\n","protected":false},"author":1,"featured_media":0,"parent":0,"menu_order":0,"comment_status":"closed","ping_status":"closed","template":"","meta":{"_rtcl_gb_attr":"","ub_ctt_via":"","site-sidebar-layout":"default","site-content-layout":"","ast-site-content-layout":"","site-content-style":"default","site-sidebar-style":"default","ast-global-header-display":"","ast-banner-title-visibility":"","ast-main-header-display":"","ast-hfb-above-header-display":"","ast-hfb-below-header-display":"","ast-hfb-mobile-header-display":"","site-post-title":"","ast-breadcrumbs-content":"","ast-featured-img":"","footer-sml-layout":"","theme-transparent-header-meta":"","adv-header-id-meta":"","stick-header-meta":"","header-above-stick-meta":"","header-main-stick-meta":"","header-below-stick-meta":"","astra-migrate-meta-layouts":"default","ast-page-background-enabled":"default","ast-page-background-meta":{"desktop":{"background-color":"var(--ast-global-color-4)","background-image":"","background-repeat":"repeat","background-position":"center center","background-size":"auto","background-attachment":"scroll","background-type":"","background-media":"","overlay-type":"","overlay-color":"","overlay-gradient":""},"tablet":{"background-color":"","background-image":"","background-repeat":"repeat","background-position":"center center","background-size":"auto","background-attachment":"scroll","background-type":"","background-media":"","overlay-type":"","overlay-color":"","overlay-gradient":""},"mobile":{"background-color":"","background-image":"","background-repeat":"repeat","background-position":"center center","background-size":"auto","background-attachment":"scroll","background-type":"","background-media":"","overlay-type":"","overlay-color":"","overlay-gradient":""}},"ast-content-background-meta":{"desktop":{"background-color":"var(--ast-global-color-5)","background-image":"","background-repeat":"repeat","background-position":"center center","background-size":"auto","background-attachment":"scroll","background-type":"","background-media":"","overlay-type":"","overlay-color":"","overlay-gradient":""},"tablet":{"background-color":"var(--ast-global-color-5)","background-image":"","background-repeat":"repeat","background-position":"center center","background-size":"auto","background-attachment":"scroll","background-type":"","background-media":"","overlay-type":"","overlay-color":"","overlay-gradient":""},"mobile":{"background-color":"var(--ast-global-color-5)","background-image":"","background-repeat":"repeat","background-position":"center center","background-size":"auto","background-attachment":"scroll","background-type":"","background-media":"","overlay-type":"","overlay-color":"","overlay-gradient":""}},"footnotes":""},"categories":[],"tags":[],"folder":[45],"class_list":["post-217","page","type-page","status-publish","hentry"],"featured_image_src":null,"_links":{"self":[{"href":"https:\/\/www.retrotechnic.com\/doyennes\/wp-json\/wp\/v2\/pages\/217","targetHints":{"allow":["GET"]}}],"collection":[{"href":"https:\/\/www.retrotechnic.com\/doyennes\/wp-json\/wp\/v2\/pages"}],"about":[{"href":"https:\/\/www.retrotechnic.com\/doyennes\/wp-json\/wp\/v2\/types\/page"}],"author":[{"embeddable":true,"href":"https:\/\/www.retrotechnic.com\/doyennes\/wp-json\/wp\/v2\/users\/1"}],"replies":[{"embeddable":true,"href":"https:\/\/www.retrotechnic.com\/doyennes\/wp-json\/wp\/v2\/comments?post=217"}],"version-history":[{"count":4,"href":"https:\/\/www.retrotechnic.com\/doyennes\/wp-json\/wp\/v2\/pages\/217\/revisions"}],"predecessor-version":[{"id":239,"href":"https:\/\/www.retrotechnic.com\/doyennes\/wp-json\/wp\/v2\/pages\/217\/revisions\/239"}],"wp:attachment":[{"href":"https:\/\/www.retrotechnic.com\/doyennes\/wp-json\/wp\/v2\/media?parent=217"}],"wp:term":[{"taxonomy":"category","embeddable":true,"href":"https:\/\/www.retrotechnic.com\/doyennes\/wp-json\/wp\/v2\/categories?post=217"},{"taxonomy":"post_tag","embeddable":true,"href":"https:\/\/www.retrotechnic.com\/doyennes\/wp-json\/wp\/v2\/tags?post=217"},{"taxonomy":"folder","embeddable":true,"href":"https:\/\/www.retrotechnic.com\/doyennes\/wp-json\/wp\/v2\/folder?post=217"}],"curies":[{"name":"wp","href":"https:\/\/api.w.org\/{rel}","templated":true}]}}