{"id":209,"date":"2024-01-11T18:36:34","date_gmt":"2024-01-11T17:36:34","guid":{"rendered":"http:\/\/localhost\/doyennes\/?page_id=209"},"modified":"2024-01-12T00:24:44","modified_gmt":"2024-01-11T23:24:44","slug":"assemblees-generales","status":"publish","type":"page","link":"https:\/\/www.retrotechnic.com\/doyennes\/assemblees-generales\/","title":{"rendered":"Assembl\u00e9es g\u00e9n\u00e9rales"},"content":{"rendered":"<div class=\"wp-block-ub-tabbed-content wp-block-ub-tabbed-content-holder wp-block-ub-tabbed-content-horizontal-holder-mobile wp-block-ub-tabbed-content-horizontal-holder-tablet\" id=\"ub-tabbed-content-da6ab254-bc3f-40f2-89c8-6655b4f76b76\">\n                <div class=\"wp-block-ub-tabbed-content-tab-holder horizontal-tab-width-mobile horizontal-tab-width-tablet\">\n                    <div role=\"tablist\" class=\"wp-block-ub-tabbed-content-tabs-title wp-block-ub-tabbed-content-tabs-title-mobile-horizontal-tab wp-block-ub-tabbed-content-tabs-title-tablet-horizontal-tab\"><div role=\"tab\" id=\"ub-tabbed-content-da6ab254-bc3f-40f2-89c8-6655b4f76b76-tab-0\" aria-controls=\"ub-tabbed-content-da6ab254-bc3f-40f2-89c8-6655b4f76b76-panel-0\"\n            aria-selected=\"true\" class = \"wp-block-ub-tabbed-content-tab-title-wrap active\" tabindex=\"-1\">\n            <div class=\"wp-block-ub-tabbed-content-tab-title\">2020<\/div><\/div><div role=\"tab\" id=\"ub-tabbed-content-da6ab254-bc3f-40f2-89c8-6655b4f76b76-tab-1\" aria-controls=\"ub-tabbed-content-da6ab254-bc3f-40f2-89c8-6655b4f76b76-panel-1\"\n            aria-selected=\"false\" class = \"wp-block-ub-tabbed-content-tab-title-wrap\" tabindex=\"-1\">\n            <div class=\"wp-block-ub-tabbed-content-tab-title\">2018<\/div><\/div><\/div><\/div>\n                <div class=\"wp-block-ub-tabbed-content-tabs-content\"><div role=\"tabpanel\" class=\"wp-block-ub-tabbed-content-tab-content-wrap active\"\n        id=\"ub-tabbed-content--panel-0\" aria-labelledby=\"ub-tabbed-content--tab-0\" tabindex=\"0\">\n\n<h3 class=\"wp-block-heading\">Compte rendu de l\u2019AG des Doyennes de P&amp;L, 8 f\u00e9vrier 2020, Paris<\/h3>\n\n\n\n<p>Comme c\u2019est maintenant une tradition, l\u2019assembl\u00e9e G\u00e9n\u00e9rale des Doyennes de Panhard &amp; Levassor s\u2019est tenue le vendredi de R\u00e9tromobile, le 7 f\u00e9vrier. Pour diverses bonnes raisons, plusieurs fid\u00e8les n\u2019ont pas pu \u00eatre pr\u00e9sent mais nous \u00e9tions tout de m\u00eame un vingtaine dans une ambiance sympathique, auxquels il ne faut pas oublier les nombreuses procurations que vous nous avez envoy\u00e9es. Au final, la repr\u00e9sentativit\u00e9 \u00e9tait assur\u00e9e.<\/p>\n\n\n\n<p>Vous trouverez ci-joint la pr\u00e9sentation qui a \u00e9t\u00e9 projet\u00e9e. Le nombre de nos adh\u00e9rents est relativement stable par rapport \u00e0 l\u2019ann\u00e9e pr\u00e9c\u00e9dente et il est \u00e0 noter que l\u2019age moyen de nos nouveaux membres est assez bas, ce qui est encourageant pour l\u2019avenir. Tout le monde aura not\u00e9 les nombreuses refabrications lanc\u00e9es cette ann\u00e9e et celles qui sont encore \u00e0 venir : nous mettons un gros effort sur cette activit\u00e9, m\u00eame si cela gr\u00e8ve dans un temps les finances du club\u2026 Mais nous pouvions nous le permettre et c\u2019est la raison d\u2019\u00eatre d\u2019une association comme la notre.<\/p>\n\n\n\n<p>L\u2019ann\u00e9e 2020 \u00e9tant paire, notre assembl\u00e9e g\u00e9n\u00e9rale \u00e9tait \u00e9lective. Matthieu Cognet \u00e9tait le seul membre du conseil d\u2019administration sortant et son mandat a \u00e9t\u00e9 reconduit. D\u2019autre part, nous avons valid\u00e9 la cooptation de notre ami Alfred Morenas.<br>Le conseil d\u2019administration de notre association s\u2019\u00e9tablit donc comme suit :<br>Pr\u00e9sident : Arnaud BLANC<br>Tr\u00e9sorier : Patrick Quehin<br>Secr\u00e9taire : Gilles VAYRE<br>Secr\u00e9taire adjoint : Alfred MORENAS<br>Responsable des salons : Matthieu COGNET<br>Historien : Bernard VERMEYLEN<br>Site web : Gilles VAYRE<br>Pi\u00e8ces et technique : G\u00e9rard Nayme<br>Relations internationales : Neil Burdock et Eberhard Moldenhauer<\/p>\n\n\n\n<p>En ce qui concerne les finances justement, et plus particuli\u00e8rement le montant de la cotisation, nous avons d\u00e9cid\u00e9 de la maintenir \u00e0 son niveau actuel.<\/p>\n\n\n\n<p>A l\u2019issue de cette r\u00e9union, nous avons partag\u00e9 un ap\u00e9ritif puis un bon repas durant lequel les discussions ont \u00e9t\u00e9 nourries jusqu\u2019\u00e0 une heure avanc\u00e9e\u2026<\/p>\n\n\n\n<p>Arnaud Blanc<\/p>\n\n\n\n<div data-wp-interactive=\"core\/file\" class=\"wp-block-file\"><object data-wp-bind--hidden=\"!state.hasPdfPreview\" hidden class=\"wp-block-file__embed\" data=\"http:\/\/localhost\/doyennes\/wp-content\/uploads\/2024\/01\/Presentation-20202.pdf\" type=\"application\/pdf\" style=\"width:100%;height:600px\" aria-label=\"Contenu embarqu\u00e9 Presentation-20202.\"><\/object><a id=\"wp-block-file--media-2f654b69-f627-460f-bd8d-4c6f073ddbc0\" href=\"http:\/\/localhost\/doyennes\/wp-content\/uploads\/2024\/01\/Presentation-20202.pdf\">Presentation-20202<\/a><a href=\"http:\/\/localhost\/doyennes\/wp-content\/uploads\/2024\/01\/Presentation-20202.pdf\" class=\"wp-block-file__button wp-element-button\" download aria-describedby=\"wp-block-file--media-2f654b69-f627-460f-bd8d-4c6f073ddbc0\">T\u00e9l\u00e9charger<\/a><\/div>\n\n<\/div><div role=\"tabpanel\" class=\"wp-block-ub-tabbed-content-tab-content-wrap ub-hide\"\n        id=\"ub-tabbed-content--panel-1\" aria-labelledby=\"ub-tabbed-content--tab-1\" tabindex=\"0\">\n\n<p><\/p>\n\n<\/div><\/div>\n            <\/div>","protected":false},"excerpt":{"rendered":"","protected":false},"author":1,"featured_media":0,"parent":0,"menu_order":0,"comment_status":"closed","ping_status":"closed","template":"","meta":{"_rtcl_gb_attr":"","ub_ctt_via":"","site-sidebar-layout":"default","site-content-layout":"","ast-site-content-layout":"","site-content-style":"default","site-sidebar-style":"default","ast-global-header-display":"","ast-banner-title-visibility":"","ast-main-header-display":"","ast-hfb-above-header-display":"","ast-hfb-below-header-display":"","ast-hfb-mobile-header-display":"","site-post-title":"","ast-breadcrumbs-content":"","ast-featured-img":"","footer-sml-layout":"","theme-transparent-header-meta":"","adv-header-id-meta":"","stick-header-meta":"","header-above-stick-meta":"","header-main-stick-meta":"","header-below-stick-meta":"","astra-migrate-meta-layouts":"default","ast-page-background-enabled":"default","ast-page-background-meta":{"desktop":{"background-color":"var(--ast-global-color-4)","background-image":"","background-repeat":"repeat","background-position":"center center","background-size":"auto","background-attachment":"scroll","background-type":"","background-media":"","overlay-type":"","overlay-color":"","overlay-gradient":""},"tablet":{"background-color":"","background-image":"","background-repeat":"repeat","background-position":"center center","background-size":"auto","background-attachment":"scroll","background-type":"","background-media":"","overlay-type":"","overlay-color":"","overlay-gradient":""},"mobile":{"background-color":"","background-image":"","background-repeat":"repeat","background-position":"center center","background-size":"auto","background-attachment":"scroll","background-type":"","background-media":"","overlay-type":"","overlay-color":"","overlay-gradient":""}},"ast-content-background-meta":{"desktop":{"background-color":"var(--ast-global-color-5)","background-image":"","background-repeat":"repeat","background-position":"center center","background-size":"auto","background-attachment":"scroll","background-type":"","background-media":"","overlay-type":"","overlay-color":"","overlay-gradient":""},"tablet":{"background-color":"var(--ast-global-color-5)","background-image":"","background-repeat":"repeat","background-position":"center center","background-size":"auto","background-attachment":"scroll","background-type":"","background-media":"","overlay-type":"","overlay-color":"","overlay-gradient":""},"mobile":{"background-color":"var(--ast-global-color-5)","background-image":"","background-repeat":"repeat","background-position":"center center","background-size":"auto","background-attachment":"scroll","background-type":"","background-media":"","overlay-type":"","overlay-color":"","overlay-gradient":""}},"footnotes":""},"categories":[],"tags":[],"folder":[42],"class_list":["post-209","page","type-page","status-publish","hentry"],"featured_image_src":null,"_links":{"self":[{"href":"https:\/\/www.retrotechnic.com\/doyennes\/wp-json\/wp\/v2\/pages\/209","targetHints":{"allow":["GET"]}}],"collection":[{"href":"https:\/\/www.retrotechnic.com\/doyennes\/wp-json\/wp\/v2\/pages"}],"about":[{"href":"https:\/\/www.retrotechnic.com\/doyennes\/wp-json\/wp\/v2\/types\/page"}],"author":[{"embeddable":true,"href":"https:\/\/www.retrotechnic.com\/doyennes\/wp-json\/wp\/v2\/users\/1"}],"replies":[{"embeddable":true,"href":"https:\/\/www.retrotechnic.com\/doyennes\/wp-json\/wp\/v2\/comments?post=209"}],"version-history":[{"count":7,"href":"https:\/\/www.retrotechnic.com\/doyennes\/wp-json\/wp\/v2\/pages\/209\/revisions"}],"predecessor-version":[{"id":659,"href":"https:\/\/www.retrotechnic.com\/doyennes\/wp-json\/wp\/v2\/pages\/209\/revisions\/659"}],"wp:attachment":[{"href":"https:\/\/www.retrotechnic.com\/doyennes\/wp-json\/wp\/v2\/media?parent=209"}],"wp:term":[{"taxonomy":"category","embeddable":true,"href":"https:\/\/www.retrotechnic.com\/doyennes\/wp-json\/wp\/v2\/categories?post=209"},{"taxonomy":"post_tag","embeddable":true,"href":"https:\/\/www.retrotechnic.com\/doyennes\/wp-json\/wp\/v2\/tags?post=209"},{"taxonomy":"folder","embeddable":true,"href":"https:\/\/www.retrotechnic.com\/doyennes\/wp-json\/wp\/v2\/folder?post=209"}],"curies":[{"name":"wp","href":"https:\/\/api.w.org\/{rel}","templated":true}]}}