{"id":152,"date":"2024-01-11T17:29:03","date_gmt":"2024-01-11T16:29:03","guid":{"rendered":"http:\/\/localhost\/doyennes\/?page_id=152"},"modified":"2024-02-03T11:51:31","modified_gmt":"2024-02-03T10:51:31","slug":"liste-des-membres","status":"publish","type":"page","link":"https:\/\/www.retrotechnic.com\/doyennes\/liste-des-membres\/","title":{"rendered":"Liste des membres"},"content":{"rendered":"\n<p><a href=\"https:\/\/www.retrotechnic.com\/doyennes\/localisation-des-membres\/\" data-type=\"link\" data-id=\"https:\/\/www.retrotechnic.com\/doyennes\/lo\">Localisation des membres<\/a><\/p>\n\n\n<div class=\"wp-block-ub-tabbed-content-underline wp-block-ub-tabbed-content-holder wp-block-ub-tabbed-content-horizontal-holder-mobile wp-block-ub-tabbed-content-horizontal-holder-tablet\" id=\"ub-tabbed-content-a1d775c3-249d-4885-8fff-1191f2ab6ee2\">\n                <div class=\"wp-block-ub-tabbed-content-tab-holder horizontal-tab-width-mobile horizontal-tab-width-tablet\">\n                    <div role=\"tablist\" class=\"wp-block-ub-tabbed-content-tabs-title wp-block-ub-tabbed-content-tabs-title-mobile-horizontal-tab wp-block-ub-tabbed-content-tabs-title-tablet-horizontal-tab\"><div role=\"tab\" id=\"ub-tabbed-content-a1d775c3-249d-4885-8fff-1191f2ab6ee2-tab-0\" aria-controls=\"ub-tabbed-content-a1d775c3-249d-4885-8fff-1191f2ab6ee2-panel-0\"\n            aria-selected=\"true\" class = \"wp-block-ub-tabbed-content-tab-title-wrap active\" tabindex=\"-1\">\n            <div class=\"wp-block-ub-tabbed-content-tab-title\"><strong>A<\/strong><\/div><\/div><div role=\"tab\" id=\"ub-tabbed-content-a1d775c3-249d-4885-8fff-1191f2ab6ee2-tab-1\" aria-controls=\"ub-tabbed-content-a1d775c3-249d-4885-8fff-1191f2ab6ee2-panel-1\"\n            aria-selected=\"false\" class = \"wp-block-ub-tabbed-content-tab-title-wrap\" tabindex=\"-1\">\n            <div class=\"wp-block-ub-tabbed-content-tab-title\"><strong>B<\/strong><\/div><\/div><div role=\"tab\" id=\"ub-tabbed-content-a1d775c3-249d-4885-8fff-1191f2ab6ee2-tab-2\" aria-controls=\"ub-tabbed-content-a1d775c3-249d-4885-8fff-1191f2ab6ee2-panel-2\"\n            aria-selected=\"false\" class = \"wp-block-ub-tabbed-content-tab-title-wrap\" tabindex=\"-1\">\n            <div class=\"wp-block-ub-tabbed-content-tab-title\"><strong>C<\/strong><\/div><\/div><div role=\"tab\" id=\"ub-tabbed-content-a1d775c3-249d-4885-8fff-1191f2ab6ee2-tab-3\" aria-controls=\"ub-tabbed-content-a1d775c3-249d-4885-8fff-1191f2ab6ee2-panel-3\"\n            aria-selected=\"false\" class = \"wp-block-ub-tabbed-content-tab-title-wrap\" tabindex=\"-1\">\n            <div class=\"wp-block-ub-tabbed-content-tab-title\"><strong>D<\/strong><\/div><\/div><div role=\"tab\" id=\"ub-tabbed-content-a1d775c3-249d-4885-8fff-1191f2ab6ee2-tab-4\" aria-controls=\"ub-tabbed-content-a1d775c3-249d-4885-8fff-1191f2ab6ee2-panel-4\"\n            aria-selected=\"false\" class = \"wp-block-ub-tabbed-content-tab-title-wrap\" tabindex=\"-1\">\n            <div class=\"wp-block-ub-tabbed-content-tab-title\"><strong>E<\/strong><\/div><\/div><div role=\"tab\" id=\"ub-tabbed-content-a1d775c3-249d-4885-8fff-1191f2ab6ee2-tab-5\" aria-controls=\"ub-tabbed-content-a1d775c3-249d-4885-8fff-1191f2ab6ee2-panel-5\"\n            aria-selected=\"false\" class = \"wp-block-ub-tabbed-content-tab-title-wrap\" tabindex=\"-1\">\n            <div class=\"wp-block-ub-tabbed-content-tab-title\"><strong>F<\/strong><\/div><\/div><div role=\"tab\" id=\"ub-tabbed-content-a1d775c3-249d-4885-8fff-1191f2ab6ee2-tab-6\" aria-controls=\"ub-tabbed-content-a1d775c3-249d-4885-8fff-1191f2ab6ee2-panel-6\"\n            aria-selected=\"false\" class = \"wp-block-ub-tabbed-content-tab-title-wrap\" tabindex=\"-1\">\n            <div class=\"wp-block-ub-tabbed-content-tab-title\"><strong>G<\/strong><\/div><\/div><div role=\"tab\" id=\"ub-tabbed-content-a1d775c3-249d-4885-8fff-1191f2ab6ee2-tab-7\" aria-controls=\"ub-tabbed-content-a1d775c3-249d-4885-8fff-1191f2ab6ee2-panel-7\"\n            aria-selected=\"false\" class = \"wp-block-ub-tabbed-content-tab-title-wrap\" tabindex=\"-1\">\n            <div class=\"wp-block-ub-tabbed-content-tab-title\"><strong>H<\/strong><\/div><\/div><div role=\"tab\" id=\"ub-tabbed-content-a1d775c3-249d-4885-8fff-1191f2ab6ee2-tab-8\" aria-controls=\"ub-tabbed-content-a1d775c3-249d-4885-8fff-1191f2ab6ee2-panel-8\"\n            aria-selected=\"false\" class = \"wp-block-ub-tabbed-content-tab-title-wrap\" tabindex=\"-1\">\n            <div class=\"wp-block-ub-tabbed-content-tab-title\"><strong>I<\/strong><\/div><\/div><div role=\"tab\" id=\"ub-tabbed-content-a1d775c3-249d-4885-8fff-1191f2ab6ee2-tab-9\" aria-controls=\"ub-tabbed-content-a1d775c3-249d-4885-8fff-1191f2ab6ee2-panel-9\"\n            aria-selected=\"false\" class = \"wp-block-ub-tabbed-content-tab-title-wrap\" tabindex=\"-1\">\n            <div class=\"wp-block-ub-tabbed-content-tab-title\"><strong>J<\/strong><\/div><\/div><div role=\"tab\" id=\"ub-tabbed-content-a1d775c3-249d-4885-8fff-1191f2ab6ee2-tab-10\" aria-controls=\"ub-tabbed-content-a1d775c3-249d-4885-8fff-1191f2ab6ee2-panel-10\"\n            aria-selected=\"false\" class = \"wp-block-ub-tabbed-content-tab-title-wrap\" tabindex=\"-1\">\n            <div class=\"wp-block-ub-tabbed-content-tab-title\"><strong>K<\/strong><\/div><\/div><div role=\"tab\" id=\"ub-tabbed-content-a1d775c3-249d-4885-8fff-1191f2ab6ee2-tab-11\" aria-controls=\"ub-tabbed-content-a1d775c3-249d-4885-8fff-1191f2ab6ee2-panel-11\"\n            aria-selected=\"false\" class = \"wp-block-ub-tabbed-content-tab-title-wrap\" tabindex=\"-1\">\n            <div class=\"wp-block-ub-tabbed-content-tab-title\"><strong>L<\/strong><\/div><\/div><div role=\"tab\" id=\"ub-tabbed-content-a1d775c3-249d-4885-8fff-1191f2ab6ee2-tab-12\" aria-controls=\"ub-tabbed-content-a1d775c3-249d-4885-8fff-1191f2ab6ee2-panel-12\"\n            aria-selected=\"false\" class = \"wp-block-ub-tabbed-content-tab-title-wrap\" tabindex=\"-1\">\n            <div class=\"wp-block-ub-tabbed-content-tab-title\"><strong>M<\/strong><\/div><\/div><div role=\"tab\" id=\"ub-tabbed-content-a1d775c3-249d-4885-8fff-1191f2ab6ee2-tab-13\" aria-controls=\"ub-tabbed-content-a1d775c3-249d-4885-8fff-1191f2ab6ee2-panel-13\"\n            aria-selected=\"false\" class = \"wp-block-ub-tabbed-content-tab-title-wrap\" tabindex=\"-1\">\n            <div class=\"wp-block-ub-tabbed-content-tab-title\"><strong>N<\/strong><\/div><\/div><div role=\"tab\" id=\"ub-tabbed-content-a1d775c3-249d-4885-8fff-1191f2ab6ee2-tab-14\" aria-controls=\"ub-tabbed-content-a1d775c3-249d-4885-8fff-1191f2ab6ee2-panel-14\"\n            aria-selected=\"false\" class = \"wp-block-ub-tabbed-content-tab-title-wrap\" tabindex=\"-1\">\n            <div class=\"wp-block-ub-tabbed-content-tab-title\"><strong>O<\/strong><\/div><\/div><div role=\"tab\" id=\"ub-tabbed-content-a1d775c3-249d-4885-8fff-1191f2ab6ee2-tab-15\" aria-controls=\"ub-tabbed-content-a1d775c3-249d-4885-8fff-1191f2ab6ee2-panel-15\"\n            aria-selected=\"false\" class = \"wp-block-ub-tabbed-content-tab-title-wrap\" tabindex=\"-1\">\n            <div class=\"wp-block-ub-tabbed-content-tab-title\"><strong>P<\/strong><\/div><\/div><div role=\"tab\" id=\"ub-tabbed-content-a1d775c3-249d-4885-8fff-1191f2ab6ee2-tab-16\" aria-controls=\"ub-tabbed-content-a1d775c3-249d-4885-8fff-1191f2ab6ee2-panel-16\"\n            aria-selected=\"false\" class = \"wp-block-ub-tabbed-content-tab-title-wrap\" tabindex=\"-1\">\n            <div class=\"wp-block-ub-tabbed-content-tab-title\"><strong>Q<\/strong><\/div><\/div><div role=\"tab\" id=\"ub-tabbed-content-a1d775c3-249d-4885-8fff-1191f2ab6ee2-tab-17\" aria-controls=\"ub-tabbed-content-a1d775c3-249d-4885-8fff-1191f2ab6ee2-panel-17\"\n            aria-selected=\"false\" class = \"wp-block-ub-tabbed-content-tab-title-wrap\" tabindex=\"-1\">\n            <div class=\"wp-block-ub-tabbed-content-tab-title\"><strong>R<\/strong><\/div><\/div><div role=\"tab\" id=\"ub-tabbed-content-a1d775c3-249d-4885-8fff-1191f2ab6ee2-tab-18\" aria-controls=\"ub-tabbed-content-a1d775c3-249d-4885-8fff-1191f2ab6ee2-panel-18\"\n            aria-selected=\"false\" class = \"wp-block-ub-tabbed-content-tab-title-wrap\" tabindex=\"-1\">\n            <div class=\"wp-block-ub-tabbed-content-tab-title\"><strong>S<\/strong><\/div><\/div><div role=\"tab\" id=\"ub-tabbed-content-a1d775c3-249d-4885-8fff-1191f2ab6ee2-tab-19\" aria-controls=\"ub-tabbed-content-a1d775c3-249d-4885-8fff-1191f2ab6ee2-panel-19\"\n            aria-selected=\"false\" class = \"wp-block-ub-tabbed-content-tab-title-wrap\" tabindex=\"-1\">\n            <div class=\"wp-block-ub-tabbed-content-tab-title\"><strong>T<\/strong><\/div><\/div><div role=\"tab\" id=\"ub-tabbed-content-a1d775c3-249d-4885-8fff-1191f2ab6ee2-tab-20\" aria-controls=\"ub-tabbed-content-a1d775c3-249d-4885-8fff-1191f2ab6ee2-panel-20\"\n            aria-selected=\"false\" class = \"wp-block-ub-tabbed-content-tab-title-wrap\" tabindex=\"-1\">\n            <div class=\"wp-block-ub-tabbed-content-tab-title\"><strong>U<\/strong><\/div><\/div><div role=\"tab\" id=\"ub-tabbed-content-a1d775c3-249d-4885-8fff-1191f2ab6ee2-tab-21\" aria-controls=\"ub-tabbed-content-a1d775c3-249d-4885-8fff-1191f2ab6ee2-panel-21\"\n            aria-selected=\"false\" class = \"wp-block-ub-tabbed-content-tab-title-wrap\" tabindex=\"-1\">\n            <div class=\"wp-block-ub-tabbed-content-tab-title\"><strong>V<\/strong><\/div><\/div><div role=\"tab\" id=\"ub-tabbed-content-a1d775c3-249d-4885-8fff-1191f2ab6ee2-tab-22\" aria-controls=\"ub-tabbed-content-a1d775c3-249d-4885-8fff-1191f2ab6ee2-panel-22\"\n            aria-selected=\"false\" class = \"wp-block-ub-tabbed-content-tab-title-wrap\" tabindex=\"-1\">\n            <div class=\"wp-block-ub-tabbed-content-tab-title\"><strong>W<\/strong><\/div><\/div><div role=\"tab\" id=\"ub-tabbed-content-a1d775c3-249d-4885-8fff-1191f2ab6ee2-tab-23\" aria-controls=\"ub-tabbed-content-a1d775c3-249d-4885-8fff-1191f2ab6ee2-panel-23\"\n            aria-selected=\"false\" class = \"wp-block-ub-tabbed-content-tab-title-wrap\" tabindex=\"-1\">\n            <div class=\"wp-block-ub-tabbed-content-tab-title\"><strong>X<\/strong><\/div><\/div><div role=\"tab\" id=\"ub-tabbed-content-a1d775c3-249d-4885-8fff-1191f2ab6ee2-tab-24\" aria-controls=\"ub-tabbed-content-a1d775c3-249d-4885-8fff-1191f2ab6ee2-panel-24\"\n            aria-selected=\"false\" class = \"wp-block-ub-tabbed-content-tab-title-wrap\" tabindex=\"-1\">\n            <div class=\"wp-block-ub-tabbed-content-tab-title\"><strong>Y<\/strong><\/div><\/div><div role=\"tab\" id=\"ub-tabbed-content-a1d775c3-249d-4885-8fff-1191f2ab6ee2-tab-25\" aria-controls=\"ub-tabbed-content-a1d775c3-249d-4885-8fff-1191f2ab6ee2-panel-25\"\n            aria-selected=\"false\" class = \"wp-block-ub-tabbed-content-tab-title-wrap\" tabindex=\"-1\">\n            <div class=\"wp-block-ub-tabbed-content-tab-title\"><strong>Z<\/strong><\/div><\/div><\/div><\/div>\n                <div class=\"wp-block-ub-tabbed-content-tabs-content\"><div role=\"tabpanel\" class=\"wp-block-ub-tabbed-content-tab-content-wrap active\"\n        id=\"ub-tabbed-content--panel-0\" aria-labelledby=\"ub-tabbed-content--tab-0\" tabindex=\"0\">\n\n<p><\/p>\n\n\n<ul class=\"wp-block-latest-posts__list wp-block-latest-posts\"><li><a class=\"wp-block-latest-posts__post-title\" href=\"https:\/\/www.retrotechnic.com\/doyennes\/2024\/02\/03\/template_creation_memebre\/\">TEMPLATE_CREATION_MEMEBRE<\/a><div class=\"wp-block-latest-posts__post-full-content\"><!-- wp:group {\"layout\":{\"type\":\"constrained\"}} -->\n<div class=\"wp-block-group\"><!-- wp:columns -->\n<div class=\"wp-block-columns\"><!-- wp:column {\"width\":\"33.33%\"} -->\n<div class=\"wp-block-column\" style=\"flex-basis:33.33%\"><!-- wp:image {\"id\":607,\"width\":\"222px\",\"height\":\"auto\",\"sizeSlug\":\"full\",\"linkDestination\":\"none\"} -->\n<figure class=\"wp-block-image size-full is-resized\"><img loading=\"lazy\" decoding=\"async\" width=\"512\" height=\"512\" src=\"https:\/\/www.retrotechnic.com\/doyennes\/wp-content\/uploads\/2024\/02\/UTILISATEUR_DEFAUT-1.png\" alt=\"\" class=\"wp-image-607\" style=\"width:222px;height:auto\" srcset=\"https:\/\/www.retrotechnic.com\/doyennes\/wp-content\/uploads\/2024\/02\/UTILISATEUR_DEFAUT-1.png 512w, https:\/\/www.retrotechnic.com\/doyennes\/wp-content\/uploads\/2024\/02\/UTILISATEUR_DEFAUT-1-300x300.png 300w, https:\/\/www.retrotechnic.com\/doyennes\/wp-content\/uploads\/2024\/02\/UTILISATEUR_DEFAUT-1-150x150.png 150w\" sizes=\"auto, (max-width: 512px) 100vw, 512px\" \/><\/figure>\n<!-- \/wp:image --><\/div>\n<!-- \/wp:column -->\n\n<!-- wp:column {\"width\":\"66.66%\"} -->\n<div class=\"wp-block-column\" style=\"flex-basis:66.66%\"><!-- wp:heading {\"level\":6} -->\n<h6 class=\"wp-block-heading\">Pr\u00e9nom Nom<\/h6>\n<!-- \/wp:heading -->\n\n<!-- wp:paragraph -->\n<p><em><strong>T\u00e9l\u00e9phone<\/strong><\/em>: 0033 6 78 77 89<\/p>\n<!-- \/wp:paragraph -->\n\n<!-- wp:paragraph -->\n<p><strong><em>Adresse e-mail<\/em><\/strong>: un.user@admin<\/p>\n<!-- \/wp:paragraph -->\n\n<!-- wp:paragraph -->\n<p><strong>A<em>dresse<\/em><\/strong>: 355 rue bleue 75001 Paris<\/p>\n<!-- \/wp:paragraph --><\/div>\n<!-- \/wp:column --><\/div>\n<!-- \/wp:columns --><\/div>\n<!-- \/wp:group -->\n\n<!-- wp:heading {\"level\":5} -->\n<h5 class=\"wp-block-heading\">V\u00e9hicules<\/h5>\n<!-- \/wp:heading -->\n\n<!-- wp:group {\"layout\":{\"type\":\"constrained\"}} -->\n<div class=\"wp-block-group\"><!-- wp:heading {\"level\":6} -->\n<h6 class=\"wp-block-heading\"><em>Type de v\u00e9hicule<\/em><\/h6>\n<!-- \/wp:heading -->\n\n<!-- wp:columns -->\n<div class=\"wp-block-columns\"><!-- wp:column -->\n<div class=\"wp-block-column\"><!-- wp:image {\"id\":590,\"sizeSlug\":\"large\",\"linkDestination\":\"none\"} -->\n<figure class=\"wp-block-image size-large\"><img loading=\"lazy\" decoding=\"async\" width=\"725\" height=\"1024\" src=\"https:\/\/www.retrotechnic.com\/doyennes\/wp-content\/uploads\/2024\/02\/laffiche-officielle-de-ledition-2023-725x1024.webp\" alt=\"\" class=\"wp-image-590\" srcset=\"https:\/\/www.retrotechnic.com\/doyennes\/wp-content\/uploads\/2024\/02\/laffiche-officielle-de-ledition-2023-725x1024.webp 725w, https:\/\/www.retrotechnic.com\/doyennes\/wp-content\/uploads\/2024\/02\/laffiche-officielle-de-ledition-2023-212x300.webp 212w, https:\/\/www.retrotechnic.com\/doyennes\/wp-content\/uploads\/2024\/02\/laffiche-officielle-de-ledition-2023-768x1085.webp 768w, https:\/\/www.retrotechnic.com\/doyennes\/wp-content\/uploads\/2024\/02\/laffiche-officielle-de-ledition-2023.webp 840w\" sizes=\"auto, (max-width: 725px) 100vw, 725px\" \/><\/figure>\n<!-- \/wp:image --><\/div>\n<!-- \/wp:column -->\n\n<!-- wp:column -->\n<div class=\"wp-block-column\"><!-- wp:image {\"id\":590,\"sizeSlug\":\"large\",\"linkDestination\":\"none\"} -->\n<figure class=\"wp-block-image size-large\"><img loading=\"lazy\" decoding=\"async\" width=\"725\" height=\"1024\" src=\"https:\/\/www.retrotechnic.com\/doyennes\/wp-content\/uploads\/2024\/02\/laffiche-officielle-de-ledition-2023-725x1024.webp\" alt=\"\" class=\"wp-image-590\" srcset=\"https:\/\/www.retrotechnic.com\/doyennes\/wp-content\/uploads\/2024\/02\/laffiche-officielle-de-ledition-2023-725x1024.webp 725w, https:\/\/www.retrotechnic.com\/doyennes\/wp-content\/uploads\/2024\/02\/laffiche-officielle-de-ledition-2023-212x300.webp 212w, https:\/\/www.retrotechnic.com\/doyennes\/wp-content\/uploads\/2024\/02\/laffiche-officielle-de-ledition-2023-768x1085.webp 768w, https:\/\/www.retrotechnic.com\/doyennes\/wp-content\/uploads\/2024\/02\/laffiche-officielle-de-ledition-2023.webp 840w\" sizes=\"auto, (max-width: 725px) 100vw, 725px\" \/><\/figure>\n<!-- \/wp:image --><\/div>\n<!-- \/wp:column -->\n\n<!-- wp:column -->\n<div class=\"wp-block-column\"><!-- wp:image {\"id\":590,\"sizeSlug\":\"large\",\"linkDestination\":\"none\"} -->\n<figure class=\"wp-block-image size-large\"><img loading=\"lazy\" decoding=\"async\" width=\"725\" height=\"1024\" src=\"https:\/\/www.retrotechnic.com\/doyennes\/wp-content\/uploads\/2024\/02\/laffiche-officielle-de-ledition-2023-725x1024.webp\" alt=\"\" class=\"wp-image-590\" srcset=\"https:\/\/www.retrotechnic.com\/doyennes\/wp-content\/uploads\/2024\/02\/laffiche-officielle-de-ledition-2023-725x1024.webp 725w, https:\/\/www.retrotechnic.com\/doyennes\/wp-content\/uploads\/2024\/02\/laffiche-officielle-de-ledition-2023-212x300.webp 212w, https:\/\/www.retrotechnic.com\/doyennes\/wp-content\/uploads\/2024\/02\/laffiche-officielle-de-ledition-2023-768x1085.webp 768w, https:\/\/www.retrotechnic.com\/doyennes\/wp-content\/uploads\/2024\/02\/laffiche-officielle-de-ledition-2023.webp 840w\" sizes=\"auto, (max-width: 725px) 100vw, 725px\" \/><\/figure>\n<!-- \/wp:image --><\/div>\n<!-- \/wp:column --><\/div>\n<!-- \/wp:columns -->\n\n<!-- wp:paragraph -->\n<p>Description du v\u00e9hicules (date, \u00e9tat et particularit\u00e9s)<\/p>\n<!-- \/wp:paragraph --><\/div>\n<!-- \/wp:group --><\/div><\/li>\n<\/ul>\n<\/div><div role=\"tabpanel\" class=\"wp-block-ub-tabbed-content-tab-content-wrap ub-hide\"\n        id=\"ub-tabbed-content--panel-1\" aria-labelledby=\"ub-tabbed-content--tab-1\" tabindex=\"0\">\n\n<p><\/p>\n\n<\/div><div role=\"tabpanel\" class=\"wp-block-ub-tabbed-content-tab-content-wrap ub-hide\"\n        id=\"ub-tabbed-content--panel-2\" aria-labelledby=\"ub-tabbed-content--tab-2\" tabindex=\"0\">\n\n<p><\/p>\n\n<\/div><div role=\"tabpanel\" class=\"wp-block-ub-tabbed-content-tab-content-wrap ub-hide\"\n        id=\"ub-tabbed-content--panel-3\" aria-labelledby=\"ub-tabbed-content--tab-3\" tabindex=\"0\">\n\n<p><\/p>\n\n<\/div><div role=\"tabpanel\" class=\"wp-block-ub-tabbed-content-tab-content-wrap ub-hide\"\n        id=\"ub-tabbed-content--panel-4\" aria-labelledby=\"ub-tabbed-content--tab-4\" tabindex=\"0\">\n\n<p><\/p>\n\n<\/div><div role=\"tabpanel\" class=\"wp-block-ub-tabbed-content-tab-content-wrap ub-hide\"\n        id=\"ub-tabbed-content--panel-5\" aria-labelledby=\"ub-tabbed-content--tab-5\" tabindex=\"0\">\n\n<p><\/p>\n\n<\/div><div role=\"tabpanel\" class=\"wp-block-ub-tabbed-content-tab-content-wrap ub-hide\"\n        id=\"ub-tabbed-content--panel-6\" aria-labelledby=\"ub-tabbed-content--tab-6\" tabindex=\"0\">\n\n<p><\/p>\n\n<\/div><div role=\"tabpanel\" class=\"wp-block-ub-tabbed-content-tab-content-wrap ub-hide\"\n        id=\"ub-tabbed-content--panel-7\" aria-labelledby=\"ub-tabbed-content--tab-7\" tabindex=\"0\">\n\n<p><\/p>\n\n<\/div><div role=\"tabpanel\" class=\"wp-block-ub-tabbed-content-tab-content-wrap ub-hide\"\n        id=\"ub-tabbed-content--panel-8\" aria-labelledby=\"ub-tabbed-content--tab-8\" tabindex=\"0\">\n\n<p><\/p>\n\n<\/div><div role=\"tabpanel\" class=\"wp-block-ub-tabbed-content-tab-content-wrap ub-hide\"\n        id=\"ub-tabbed-content--panel-9\" aria-labelledby=\"ub-tabbed-content--tab-9\" tabindex=\"0\">\n\n<p><\/p>\n\n<\/div><div role=\"tabpanel\" class=\"wp-block-ub-tabbed-content-tab-content-wrap ub-hide\"\n        id=\"ub-tabbed-content--panel-10\" aria-labelledby=\"ub-tabbed-content--tab-10\" tabindex=\"0\">\n\n<p><\/p>\n\n<\/div><div role=\"tabpanel\" class=\"wp-block-ub-tabbed-content-tab-content-wrap ub-hide\"\n        id=\"ub-tabbed-content--panel-11\" aria-labelledby=\"ub-tabbed-content--tab-11\" tabindex=\"0\">\n\n<p><\/p>\n\n<\/div><div role=\"tabpanel\" class=\"wp-block-ub-tabbed-content-tab-content-wrap ub-hide\"\n        id=\"ub-tabbed-content--panel-12\" aria-labelledby=\"ub-tabbed-content--tab-12\" tabindex=\"0\">\n\n<p><\/p>\n\n<\/div><div role=\"tabpanel\" class=\"wp-block-ub-tabbed-content-tab-content-wrap ub-hide\"\n        id=\"ub-tabbed-content--panel-13\" aria-labelledby=\"ub-tabbed-content--tab-13\" tabindex=\"0\">\n\n<p><\/p>\n\n<\/div><div role=\"tabpanel\" class=\"wp-block-ub-tabbed-content-tab-content-wrap ub-hide\"\n        id=\"ub-tabbed-content--panel-14\" aria-labelledby=\"ub-tabbed-content--tab-14\" tabindex=\"0\">\n\n<p><\/p>\n\n<\/div><div role=\"tabpanel\" class=\"wp-block-ub-tabbed-content-tab-content-wrap ub-hide\"\n        id=\"ub-tabbed-content--panel-15\" aria-labelledby=\"ub-tabbed-content--tab-15\" tabindex=\"0\">\n\n<p><\/p>\n\n<\/div><div role=\"tabpanel\" class=\"wp-block-ub-tabbed-content-tab-content-wrap ub-hide\"\n        id=\"ub-tabbed-content--panel-16\" aria-labelledby=\"ub-tabbed-content--tab-16\" tabindex=\"0\">\n\n<p><\/p>\n\n<\/div><div role=\"tabpanel\" class=\"wp-block-ub-tabbed-content-tab-content-wrap ub-hide\"\n        id=\"ub-tabbed-content--panel-17\" aria-labelledby=\"ub-tabbed-content--tab-17\" tabindex=\"0\">\n\n<p><\/p>\n\n<\/div><div role=\"tabpanel\" class=\"wp-block-ub-tabbed-content-tab-content-wrap ub-hide\"\n        id=\"ub-tabbed-content--panel-18\" aria-labelledby=\"ub-tabbed-content--tab-18\" tabindex=\"0\">\n\n<p><\/p>\n\n<\/div><div role=\"tabpanel\" class=\"wp-block-ub-tabbed-content-tab-content-wrap ub-hide\"\n        id=\"ub-tabbed-content--panel-19\" aria-labelledby=\"ub-tabbed-content--tab-19\" tabindex=\"0\">\n\n<p><\/p>\n\n<\/div><div role=\"tabpanel\" class=\"wp-block-ub-tabbed-content-tab-content-wrap ub-hide\"\n        id=\"ub-tabbed-content--panel-20\" aria-labelledby=\"ub-tabbed-content--tab-20\" tabindex=\"0\">\n\n<p><\/p>\n\n<\/div><div role=\"tabpanel\" class=\"wp-block-ub-tabbed-content-tab-content-wrap ub-hide\"\n        id=\"ub-tabbed-content--panel-21\" aria-labelledby=\"ub-tabbed-content--tab-21\" tabindex=\"0\">\n\n<p><\/p>\n\n<\/div><div role=\"tabpanel\" class=\"wp-block-ub-tabbed-content-tab-content-wrap ub-hide\"\n        id=\"ub-tabbed-content--panel-22\" aria-labelledby=\"ub-tabbed-content--tab-22\" tabindex=\"0\">\n\n<p><\/p>\n\n<\/div><div role=\"tabpanel\" class=\"wp-block-ub-tabbed-content-tab-content-wrap ub-hide\"\n        id=\"ub-tabbed-content--panel-23\" aria-labelledby=\"ub-tabbed-content--tab-23\" tabindex=\"0\">\n\n<p><\/p>\n\n<\/div><div role=\"tabpanel\" class=\"wp-block-ub-tabbed-content-tab-content-wrap ub-hide\"\n        id=\"ub-tabbed-content--panel-24\" aria-labelledby=\"ub-tabbed-content--tab-24\" tabindex=\"0\">\n\n<p><\/p>\n\n<\/div><\/div>\n            <\/div>","protected":false},"excerpt":{"rendered":"<p>Localisation des membres<\/p>\n","protected":false},"author":1,"featured_media":0,"parent":0,"menu_order":0,"comment_status":"closed","ping_status":"closed","template":"","meta":{"_rtcl_gb_attr":"","ub_ctt_via":"","site-sidebar-layout":"default","site-content-layout":"","ast-site-content-layout":"","site-content-style":"default","site-sidebar-style":"default","ast-global-header-display":"","ast-banner-title-visibility":"","ast-main-header-display":"","ast-hfb-above-header-display":"","ast-hfb-below-header-display":"","ast-hfb-mobile-header-display":"","site-post-title":"","ast-breadcrumbs-content":"","ast-featured-img":"","footer-sml-layout":"","theme-transparent-header-meta":"","adv-header-id-meta":"","stick-header-meta":"","header-above-stick-meta":"","header-main-stick-meta":"","header-below-stick-meta":"","astra-migrate-meta-layouts":"default","ast-page-background-enabled":"default","ast-page-background-meta":{"desktop":{"background-color":"var(--ast-global-color-4)","background-image":"","background-repeat":"repeat","background-position":"center center","background-size":"auto","background-attachment":"scroll","background-type":"","background-media":"","overlay-type":"","overlay-color":"","overlay-gradient":""},"tablet":{"background-color":"","background-image":"","background-repeat":"repeat","background-position":"center center","background-size":"auto","background-attachment":"scroll","background-type":"","background-media":"","overlay-type":"","overlay-color":"","overlay-gradient":""},"mobile":{"background-color":"","background-image":"","background-repeat":"repeat","background-position":"center center","background-size":"auto","background-attachment":"scroll","background-type":"","background-media":"","overlay-type":"","overlay-color":"","overlay-gradient":""}},"ast-content-background-meta":{"desktop":{"background-color":"var(--ast-global-color-5)","background-image":"","background-repeat":"repeat","background-position":"center center","background-size":"auto","background-attachment":"scroll","background-type":"","background-media":"","overlay-type":"","overlay-color":"","overlay-gradient":""},"tablet":{"background-color":"var(--ast-global-color-5)","background-image":"","background-repeat":"repeat","background-position":"center center","background-size":"auto","background-attachment":"scroll","background-type":"","background-media":"","overlay-type":"","overlay-color":"","overlay-gradient":""},"mobile":{"background-color":"var(--ast-global-color-5)","background-image":"","background-repeat":"repeat","background-position":"center center","background-size":"auto","background-attachment":"scroll","background-type":"","background-media":"","overlay-type":"","overlay-color":"","overlay-gradient":""}},"footnotes":""},"categories":[],"tags":[],"folder":[42],"class_list":["post-152","page","type-page","status-publish","hentry"],"featured_image_src":null,"_links":{"self":[{"href":"https:\/\/www.retrotechnic.com\/doyennes\/wp-json\/wp\/v2\/pages\/152","targetHints":{"allow":["GET"]}}],"collection":[{"href":"https:\/\/www.retrotechnic.com\/doyennes\/wp-json\/wp\/v2\/pages"}],"about":[{"href":"https:\/\/www.retrotechnic.com\/doyennes\/wp-json\/wp\/v2\/types\/page"}],"author":[{"embeddable":true,"href":"https:\/\/www.retrotechnic.com\/doyennes\/wp-json\/wp\/v2\/users\/1"}],"replies":[{"embeddable":true,"href":"https:\/\/www.retrotechnic.com\/doyennes\/wp-json\/wp\/v2\/comments?post=152"}],"version-history":[{"count":31,"href":"https:\/\/www.retrotechnic.com\/doyennes\/wp-json\/wp\/v2\/pages\/152\/revisions"}],"predecessor-version":[{"id":628,"href":"https:\/\/www.retrotechnic.com\/doyennes\/wp-json\/wp\/v2\/pages\/152\/revisions\/628"}],"wp:attachment":[{"href":"https:\/\/www.retrotechnic.com\/doyennes\/wp-json\/wp\/v2\/media?parent=152"}],"wp:term":[{"taxonomy":"category","embeddable":true,"href":"https:\/\/www.retrotechnic.com\/doyennes\/wp-json\/wp\/v2\/categories?post=152"},{"taxonomy":"post_tag","embeddable":true,"href":"https:\/\/www.retrotechnic.com\/doyennes\/wp-json\/wp\/v2\/tags?post=152"},{"taxonomy":"folder","embeddable":true,"href":"https:\/\/www.retrotechnic.com\/doyennes\/wp-json\/wp\/v2\/folder?post=152"}],"curies":[{"name":"wp","href":"https:\/\/api.w.org\/{rel}","templated":true}]}}